{"id":12314,"date":"2025-01-31T08:33:27","date_gmt":"2025-01-31T07:33:27","guid":{"rendered":"https:\/\/divainers.com\/producto\/divain-036\/"},"modified":"2026-04-30T10:56:40","modified_gmt":"2026-04-30T08:56:40","slug":"divain-036","status":"publish","type":"product","link":"https:\/\/divainers.com\/et\/producto\/divain-036\/","title":{"rendered":"divain.036"},"content":{"rendered":"<p>V\u00f5imas ja avantgardne l\u00f5hn, mis \u00fchendab intensiivsuse ja rafineerituse unustamatuks kompositsiooniks. Selle s\u00e4rav algus piparm\u00fcndi ja lavendliga toob v\u00e4rskust, samas kui s\u00f5ltuvust tekitav kohvi ja karamelli s\u00fcda lisab magusa ja v\u00fcrtsika noodi, luues sooja ja \u00fcmbritseva tunde. P\u00f5hjas tugevdavad pat\u0161uli, muskuse ja vanilje s\u00fcgavat ja magnetilist iseloomu, j\u00e4ttes intensiivse ja kauakestva j\u00e4lje. T\u00e4iuslik julgele ja karismaatilisele mehele, kes otsib ainulaadset ja isikup\u00e4rast l\u00f5hna.<\/p>\n","protected":false},"excerpt":{"rendered":"<p>Tuletab meelde A*Men by Thierry Mugler<\/p>\n","protected":false},"featured_media":12311,"comment_status":"open","ping_status":"closed","template":"","meta":[],"product_brand":[],"product_cat":[3739],"product_tag":[1342],"class_list":{"0":"post-12314","1":"product","2":"type-product","3":"status-publish","4":"has-post-thumbnail","6":"product_cat-thierry-mugler","7":"product_tag-mehed","9":"first","10":"instock","11":"shipping-taxable","12":"product-type-simple"},"_links":{"self":[{"href":"https:\/\/divainers.com\/et\/wp-json\/wp\/v2\/product\/12314","targetHints":{"allow":["GET"]}}],"collection":[{"href":"https:\/\/divainers.com\/et\/wp-json\/wp\/v2\/product"}],"about":[{"href":"https:\/\/divainers.com\/et\/wp-json\/wp\/v2\/types\/product"}],"replies":[{"embeddable":true,"href":"https:\/\/divainers.com\/et\/wp-json\/wp\/v2\/comments?post=12314"}],"wp:featuredmedia":[{"embeddable":true,"href":"https:\/\/divainers.com\/et\/wp-json\/wp\/v2\/media\/12311"}],"wp:attachment":[{"href":"https:\/\/divainers.com\/et\/wp-json\/wp\/v2\/media?parent=12314"}],"wp:term":[{"taxonomy":"product_brand","embeddable":true,"href":"https:\/\/divainers.com\/et\/wp-json\/wp\/v2\/product_brand?post=12314"},{"taxonomy":"product_cat","embeddable":true,"href":"https:\/\/divainers.com\/et\/wp-json\/wp\/v2\/product_cat?post=12314"},{"taxonomy":"product_tag","embeddable":true,"href":"https:\/\/divainers.com\/et\/wp-json\/wp\/v2\/product_tag?post=12314"}],"curies":[{"name":"wp","href":"https:\/\/api.w.org\/{rel}","templated":true}]}}