{"id":12861,"date":"2025-01-31T08:33:28","date_gmt":"2025-01-31T07:33:28","guid":{"rendered":"https:\/\/divainers.com\/producto\/divain-426\/"},"modified":"2026-04-30T10:59:36","modified_gmt":"2026-04-30T08:59:36","slug":"divain-426","status":"publish","type":"product","link":"https:\/\/divainers.com\/et\/producto\/divain-426\/","title":{"rendered":"divain.426"},"content":{"rendered":"<p>Magnetiline ja \u00fcmbritsev l\u00f5hn, mis \u00e4ratab meeled oma rikkaliku mahlakate puuviljade ja sensuaalsete puiduliikide sulamiga. Esimesest hetkest t\u00e4idab \u00f5hku troopiline plahvatus passioni\u00f5unast, virsikust ja musts\u00f5strast, pakkudes eksootilist ja ahvatlevat magusust. S\u00fcdames p\u00f5imub \u00f5rn lilleakord merevaigu varjunditega, lisades s\u00fcgavust ja m\u00fcstikat. L\u00f5puks loob muskusest, pat\u0161ulist ja sandlipuust baas kreemja ja s\u00f5ltuvust tekitava j\u00e4lje, j\u00e4ttes unustamatu mulje. H\u00fcpnotiseeriv ja v\u00f5rgutav parf\u00fc\u00fcm, ideaalne neile, kes otsivad intensiivset, rafineeritud ja isikup\u00e4rast l\u00f5hna.<\/p>\n","protected":false},"excerpt":{"rendered":"<p>Tuletab meelde Kirke Tiziana Terenzilt<\/p>\n","protected":false},"featured_media":12860,"comment_status":"open","ping_status":"closed","template":"","meta":[],"product_brand":[],"product_cat":[4013],"product_tag":[1409],"class_list":{"0":"post-12861","1":"product","2":"type-product","3":"status-publish","4":"has-post-thumbnail","6":"product_cat-tiziana-terenzi","7":"product_tag-unisex","9":"first","10":"instock","11":"shipping-taxable","12":"product-type-simple"},"_links":{"self":[{"href":"https:\/\/divainers.com\/et\/wp-json\/wp\/v2\/product\/12861","targetHints":{"allow":["GET"]}}],"collection":[{"href":"https:\/\/divainers.com\/et\/wp-json\/wp\/v2\/product"}],"about":[{"href":"https:\/\/divainers.com\/et\/wp-json\/wp\/v2\/types\/product"}],"replies":[{"embeddable":true,"href":"https:\/\/divainers.com\/et\/wp-json\/wp\/v2\/comments?post=12861"}],"wp:featuredmedia":[{"embeddable":true,"href":"https:\/\/divainers.com\/et\/wp-json\/wp\/v2\/media\/12860"}],"wp:attachment":[{"href":"https:\/\/divainers.com\/et\/wp-json\/wp\/v2\/media?parent=12861"}],"wp:term":[{"taxonomy":"product_brand","embeddable":true,"href":"https:\/\/divainers.com\/et\/wp-json\/wp\/v2\/product_brand?post=12861"},{"taxonomy":"product_cat","embeddable":true,"href":"https:\/\/divainers.com\/et\/wp-json\/wp\/v2\/product_cat?post=12861"},{"taxonomy":"product_tag","embeddable":true,"href":"https:\/\/divainers.com\/et\/wp-json\/wp\/v2\/product_tag?post=12861"}],"curies":[{"name":"wp","href":"https:\/\/api.w.org\/{rel}","templated":true}]}}