{"id":13428,"date":"2025-01-31T08:33:35","date_gmt":"2025-01-31T07:33:35","guid":{"rendered":"https:\/\/divainers.com\/producto\/divain-092\/"},"modified":"2026-04-30T11:03:34","modified_gmt":"2026-04-30T09:03:34","slug":"divain-092","status":"publish","type":"product","link":"https:\/\/divainers.com\/et\/producto\/divain-092\/","title":{"rendered":"divain.092"},"content":{"rendered":"<p>V\u00e4rske ja elav l\u00f5hn, mis haarab nooruse ja vabaduse olemuse. Selle s\u00e4rav algus \u00f5una, musts\u00f5stra ja mandariiniga toob kaasa s\u00e4rava ja v\u00e4rskendava energia. S\u00fcdames katab roosi, liilia ja \u00f6\u00f6vilja kombinatsioon l\u00f5hna pehme ja loomuliku naiselikkusega. P\u00f5hjas loovad sandlipuu ja seedripuu sooja ja kerge j\u00e4rell\u00f5hna, mis sobib ideaalselt spontaansetele, optimistlikele ja vaba vaimuga naistele, kes naudivad iga hetke.<\/p>\n","protected":false},"excerpt":{"rendered":"<p>Tuletab meelde Tommy Girl Tommy Hilfigerilt<\/p>\n","protected":false},"featured_media":13424,"comment_status":"open","ping_status":"closed","template":"","meta":[],"product_brand":[],"product_cat":[4279],"product_tag":[1432],"class_list":{"0":"post-13428","1":"product","2":"type-product","3":"status-publish","4":"has-post-thumbnail","6":"product_cat-tommy-hilfiger","7":"product_tag-naised","9":"first","10":"instock","11":"shipping-taxable","12":"product-type-simple"},"_links":{"self":[{"href":"https:\/\/divainers.com\/et\/wp-json\/wp\/v2\/product\/13428","targetHints":{"allow":["GET"]}}],"collection":[{"href":"https:\/\/divainers.com\/et\/wp-json\/wp\/v2\/product"}],"about":[{"href":"https:\/\/divainers.com\/et\/wp-json\/wp\/v2\/types\/product"}],"replies":[{"embeddable":true,"href":"https:\/\/divainers.com\/et\/wp-json\/wp\/v2\/comments?post=13428"}],"wp:featuredmedia":[{"embeddable":true,"href":"https:\/\/divainers.com\/et\/wp-json\/wp\/v2\/media\/13424"}],"wp:attachment":[{"href":"https:\/\/divainers.com\/et\/wp-json\/wp\/v2\/media?parent=13428"}],"wp:term":[{"taxonomy":"product_brand","embeddable":true,"href":"https:\/\/divainers.com\/et\/wp-json\/wp\/v2\/product_brand?post=13428"},{"taxonomy":"product_cat","embeddable":true,"href":"https:\/\/divainers.com\/et\/wp-json\/wp\/v2\/product_cat?post=13428"},{"taxonomy":"product_tag","embeddable":true,"href":"https:\/\/divainers.com\/et\/wp-json\/wp\/v2\/product_tag?post=13428"}],"curies":[{"name":"wp","href":"https:\/\/api.w.org\/{rel}","templated":true}]}}