{"id":13940,"date":"2025-01-31T08:33:35","date_gmt":"2025-01-31T07:33:35","guid":{"rendered":"https:\/\/divainers.com\/producto\/divain-061\/"},"modified":"2026-04-30T11:06:12","modified_gmt":"2026-04-30T09:06:12","slug":"divain-061","status":"publish","type":"product","link":"https:\/\/divainers.com\/et\/producto\/divain-061\/","title":{"rendered":"divain.061"},"content":{"rendered":"<p>\u00d5rn ja elegantne l\u00f5hn, mis kannab igas noodis v\u00e4rskust ja peenetundelisust. Selle s\u00e4rav algus bergamoti ja violetslehtedega lisab tsitruselise ja rohelise noodi, samal ajal kui roosi, pojengi ja jasmiini lilleline s\u00fcda m\u00e4hkub l\u00f5hna naiselikkuse ja rafineeritusega. P\u00f5hjas loovad valge muskus ja seedripuu sooja ja \u00fcmbritseva j\u00e4relnoodi, mis sobib t\u00e4iuslikult peenele, elegantselt naisele, kellel on loomulik v\u00f5lu.<\/p>\n","protected":false},"excerpt":{"rendered":"<p>Tuletab meelde Tous Tousilt<\/p>\n","protected":false},"featured_media":13935,"comment_status":"open","ping_status":"closed","template":"","meta":[],"product_brand":[],"product_cat":[4527],"product_tag":[1432],"class_list":{"0":"post-13940","1":"product","2":"type-product","3":"status-publish","4":"has-post-thumbnail","6":"product_cat-tous","7":"product_tag-naised","9":"first","10":"instock","11":"shipping-taxable","12":"product-type-simple"},"_links":{"self":[{"href":"https:\/\/divainers.com\/et\/wp-json\/wp\/v2\/product\/13940","targetHints":{"allow":["GET"]}}],"collection":[{"href":"https:\/\/divainers.com\/et\/wp-json\/wp\/v2\/product"}],"about":[{"href":"https:\/\/divainers.com\/et\/wp-json\/wp\/v2\/types\/product"}],"replies":[{"embeddable":true,"href":"https:\/\/divainers.com\/et\/wp-json\/wp\/v2\/comments?post=13940"}],"wp:featuredmedia":[{"embeddable":true,"href":"https:\/\/divainers.com\/et\/wp-json\/wp\/v2\/media\/13935"}],"wp:attachment":[{"href":"https:\/\/divainers.com\/et\/wp-json\/wp\/v2\/media?parent=13940"}],"wp:term":[{"taxonomy":"product_brand","embeddable":true,"href":"https:\/\/divainers.com\/et\/wp-json\/wp\/v2\/product_brand?post=13940"},{"taxonomy":"product_cat","embeddable":true,"href":"https:\/\/divainers.com\/et\/wp-json\/wp\/v2\/product_cat?post=13940"},{"taxonomy":"product_tag","embeddable":true,"href":"https:\/\/divainers.com\/et\/wp-json\/wp\/v2\/product_tag?post=13940"}],"curies":[{"name":"wp","href":"https:\/\/api.w.org\/{rel}","templated":true}]}}