{"id":437,"date":"2025-01-31T08:32:02","date_gmt":"2025-01-31T07:32:02","guid":{"rendered":"https:\/\/divainers.com\/producto\/divain-079\/"},"modified":"2026-03-16T16:07:21","modified_gmt":"2026-03-16T15:07:21","slug":"divain-079","status":"publish","type":"product","link":"https:\/\/divainers.com\/et\/producto\/divain-079\/","title":{"rendered":"divain.079"},"content":{"rendered":"<p>Un aroma sofisticado y audaz que captura la esencia de la exclusividad y el glamour. Su apertura chispeante de maracuy\u00e1 y ron aporta una frescura ex\u00f3tica y vibrante. En el coraz\u00f3n, el almizcle y la gardenia envuelven la fragancia en una feminidad intensa y magn\u00e9tica. En el fondo, la vainilla y el haba tonka crean una estela c\u00e1lida y adictiva, perfecta para la mujer carism\u00e1tica, segura de s\u00ed misma y con un estilo inconfundible que ilumina cualquier evento.<\/p>\n","protected":false},"excerpt":{"rendered":"<p>Recuerda a 212 vip de Carolina Herrera<\/p>\n","protected":false},"featured_media":3595,"comment_status":"open","ping_status":"closed","template":"","meta":[],"product_brand":[],"product_cat":[1532],"product_tag":[1424],"class_list":{"0":"post-437","1":"product","2":"type-product","3":"status-publish","4":"has-post-thumbnail","6":"product_cat-carolina-herrera","7":"product_tag-femmes","9":"first","10":"instock","11":"shipping-taxable","12":"product-type-simple"},"_links":{"self":[{"href":"https:\/\/divainers.com\/et\/wp-json\/wp\/v2\/product\/437","targetHints":{"allow":["GET"]}}],"collection":[{"href":"https:\/\/divainers.com\/et\/wp-json\/wp\/v2\/product"}],"about":[{"href":"https:\/\/divainers.com\/et\/wp-json\/wp\/v2\/types\/product"}],"replies":[{"embeddable":true,"href":"https:\/\/divainers.com\/et\/wp-json\/wp\/v2\/comments?post=437"}],"wp:featuredmedia":[{"embeddable":true,"href":"https:\/\/divainers.com\/et\/wp-json\/wp\/v2\/media\/3595"}],"wp:attachment":[{"href":"https:\/\/divainers.com\/et\/wp-json\/wp\/v2\/media?parent=437"}],"wp:term":[{"taxonomy":"product_brand","embeddable":true,"href":"https:\/\/divainers.com\/et\/wp-json\/wp\/v2\/product_brand?post=437"},{"taxonomy":"product_cat","embeddable":true,"href":"https:\/\/divainers.com\/et\/wp-json\/wp\/v2\/product_cat?post=437"},{"taxonomy":"product_tag","embeddable":true,"href":"https:\/\/divainers.com\/et\/wp-json\/wp\/v2\/product_tag?post=437"}],"curies":[{"name":"wp","href":"https:\/\/api.w.org\/{rel}","templated":true}]}}