{"id":471,"date":"2025-01-31T08:32:07","date_gmt":"2025-01-31T07:32:07","guid":{"rendered":"https:\/\/divainers.com\/producto\/divain-965\/"},"modified":"2026-03-16T16:07:24","modified_gmt":"2026-03-16T15:07:24","slug":"divain-965","status":"publish","type":"product","link":"https:\/\/divainers.com\/et\/producto\/divain-965\/","title":{"rendered":"divain.965"},"content":{"rendered":"<p>Una fragancia que evoca la elegancia et\u00e9rea y la sofisticaci\u00f3n de un viaje c\u00f3smico, donde las estrellas se encuentran en su m\u00e1xima brillantez. Desde la apertura, las <em data-start=\"323\" data-end=\"339\">notas c\u00edtricas<\/em> de <em data-start=\"343\" data-end=\"354\">mandarina<\/em> y <em data-start=\"357\" data-end=\"368\">bergamota<\/em> aportan una frescura chispeante y radiante, como el primer destello de luz en un cielo oscuro. A medida que la fragancia se despliega, las <em data-start=\"508\" data-end=\"524\">notas florales<\/em> de <em data-start=\"528\" data-end=\"534\">rosa<\/em> y <em data-start=\"537\" data-end=\"545\">jazm\u00edn<\/em> ofrecen una suavidad delicada, combin\u00e1ndose con un toque de <em data-start=\"606\" data-end=\"616\">almizcle<\/em> que aporta una sensualidad pura y et\u00e9rea. El fondo de <em data-start=\"671\" data-end=\"690\">madera de s\u00e1ndalo<\/em> y un susurro de <em data-start=\"707\" data-end=\"717\">vainilla<\/em> le da una base c\u00e1lida y envolvente, que deja una estela sutilmente amaderada y reconfortante, sin perder su luminosidad. Esta fragancia es perfecta para quienes buscan una experiencia olfativa <em data-start=\"911\" data-end=\"921\">refinada<\/em>, <em data-start=\"923\" data-end=\"931\">et\u00e9rea<\/em> y <em data-start=\"934\" data-end=\"951\">resplandeciente<\/em>, ideal para quienes desean una fragancia que combine frescura y profundidad con una elegancia atemporal.<\/p>\n","protected":false},"excerpt":{"rendered":"<p>Recuerda a Com\u00e8te de Chanel<\/p>\n","protected":false},"featured_media":3241,"comment_status":"open","ping_status":"closed","template":"","meta":[],"product_brand":[],"product_cat":[188],"product_tag":[29],"class_list":{"0":"post-471","1":"product","2":"type-product","3":"status-publish","4":"has-post-thumbnail","6":"product_cat-chanel","7":"product_tag-unisex","9":"first","10":"instock","11":"shipping-taxable","12":"product-type-simple"},"_links":{"self":[{"href":"https:\/\/divainers.com\/et\/wp-json\/wp\/v2\/product\/471","targetHints":{"allow":["GET"]}}],"collection":[{"href":"https:\/\/divainers.com\/et\/wp-json\/wp\/v2\/product"}],"about":[{"href":"https:\/\/divainers.com\/et\/wp-json\/wp\/v2\/types\/product"}],"replies":[{"embeddable":true,"href":"https:\/\/divainers.com\/et\/wp-json\/wp\/v2\/comments?post=471"}],"wp:featuredmedia":[{"embeddable":true,"href":"https:\/\/divainers.com\/et\/wp-json\/wp\/v2\/media\/3241"}],"wp:attachment":[{"href":"https:\/\/divainers.com\/et\/wp-json\/wp\/v2\/media?parent=471"}],"wp:term":[{"taxonomy":"product_brand","embeddable":true,"href":"https:\/\/divainers.com\/et\/wp-json\/wp\/v2\/product_brand?post=471"},{"taxonomy":"product_cat","embeddable":true,"href":"https:\/\/divainers.com\/et\/wp-json\/wp\/v2\/product_cat?post=471"},{"taxonomy":"product_tag","embeddable":true,"href":"https:\/\/divainers.com\/et\/wp-json\/wp\/v2\/product_tag?post=471"}],"curies":[{"name":"wp","href":"https:\/\/api.w.org\/{rel}","templated":true}]}}