{"id":480,"date":"2025-01-31T08:32:08","date_gmt":"2025-01-31T07:32:08","guid":{"rendered":"https:\/\/divainers.com\/producto\/divain-581\/"},"modified":"2026-03-16T16:07:25","modified_gmt":"2026-03-16T15:07:25","slug":"divain-581","status":"publish","type":"product","link":"https:\/\/divainers.com\/et\/producto\/divain-581\/","title":{"rendered":"divain.581"},"content":{"rendered":"<p>Un aroma fresco, aventurero y sofisticado que captura la esencia de la libertad y la elegancia moderna. Desde la apertura, las notas frescas y afrutadas de ciruela mirabel y bergamota se mezclan con un toque floral de jazm\u00edn, creando una entrada vibrante y luminosa. En su coraz\u00f3n, el durazno y el pachul\u00ed aportan una suavidad terrosa y floral, mientras que el fondo amaderado de roble y almizcle le da una base c\u00e1lida y duradera. Un perfume ideal para quienes buscan una fragancia floral, afrutada y amaderada, perfecta para personas modernas que desean proyectar una sensaci\u00f3n de independencia, frescura y sofisticaci\u00f3n en su d\u00eda a d\u00eda.<\/p>\n","protected":false},"excerpt":{"rendered":"<p>Recuerda a Nomade de Chlo\u00e9<\/p>\n","protected":false},"featured_media":2976,"comment_status":"open","ping_status":"closed","template":"","meta":[],"product_brand":[],"product_cat":[209],"product_tag":[38],"class_list":{"0":"post-480","1":"product","2":"type-product","3":"status-publish","4":"has-post-thumbnail","6":"product_cat-chloe","7":"product_tag-mujer","9":"first","10":"instock","11":"shipping-taxable","12":"product-type-simple"},"_links":{"self":[{"href":"https:\/\/divainers.com\/et\/wp-json\/wp\/v2\/product\/480","targetHints":{"allow":["GET"]}}],"collection":[{"href":"https:\/\/divainers.com\/et\/wp-json\/wp\/v2\/product"}],"about":[{"href":"https:\/\/divainers.com\/et\/wp-json\/wp\/v2\/types\/product"}],"replies":[{"embeddable":true,"href":"https:\/\/divainers.com\/et\/wp-json\/wp\/v2\/comments?post=480"}],"wp:featuredmedia":[{"embeddable":true,"href":"https:\/\/divainers.com\/et\/wp-json\/wp\/v2\/media\/2976"}],"wp:attachment":[{"href":"https:\/\/divainers.com\/et\/wp-json\/wp\/v2\/media?parent=480"}],"wp:term":[{"taxonomy":"product_brand","embeddable":true,"href":"https:\/\/divainers.com\/et\/wp-json\/wp\/v2\/product_brand?post=480"},{"taxonomy":"product_cat","embeddable":true,"href":"https:\/\/divainers.com\/et\/wp-json\/wp\/v2\/product_cat?post=480"},{"taxonomy":"product_tag","embeddable":true,"href":"https:\/\/divainers.com\/et\/wp-json\/wp\/v2\/product_tag?post=480"}],"curies":[{"name":"wp","href":"https:\/\/api.w.org\/{rel}","templated":true}]}}