{"id":482,"date":"2025-01-31T08:32:08","date_gmt":"2025-01-31T07:32:08","guid":{"rendered":"https:\/\/divainers.com\/producto\/divain-095\/"},"modified":"2026-04-01T12:21:47","modified_gmt":"2026-04-01T10:21:47","slug":"divain-095","status":"publish","type":"product","link":"https:\/\/divainers.com\/et\/producto\/divain-095\/","title":{"rendered":"divain.095"},"content":{"rendered":"<p>Un aroma luminoso y lleno de energ\u00eda que captura la alegr\u00eda y la frescura en cada nota. Su apertura chispeante de naranja, mandarina y pomelo rojo aporta una explosi\u00f3n c\u00edtrica vibrante y revitalizante. En el coraz\u00f3n, la orqu\u00eddea y el lirio de los valles envuelven la fragancia en una feminidad suave y radiante. En el fondo, las maderas suaves y el \u00e1mbar crean una estela c\u00e1lida y acogedora, perfecta para la mujer optimista, espont\u00e1nea y con una energ\u00eda contagiosa que ilumina cada momento.<\/p>\n","protected":false},"excerpt":{"rendered":"<p>Recuerda a Happy By Clinique de Clinique<\/p>\n","protected":false},"featured_media":3361,"comment_status":"open","ping_status":"closed","template":"","meta":[],"product_brand":[],"product_cat":[2181],"product_tag":[1444],"class_list":{"0":"post-482","1":"product","2":"type-product","3":"status-publish","4":"has-post-thumbnail","6":"product_cat-clinique","7":"product_tag-kvinner","9":"first","10":"instock","11":"shipping-taxable","12":"product-type-simple"},"_links":{"self":[{"href":"https:\/\/divainers.com\/et\/wp-json\/wp\/v2\/product\/482","targetHints":{"allow":["GET"]}}],"collection":[{"href":"https:\/\/divainers.com\/et\/wp-json\/wp\/v2\/product"}],"about":[{"href":"https:\/\/divainers.com\/et\/wp-json\/wp\/v2\/types\/product"}],"replies":[{"embeddable":true,"href":"https:\/\/divainers.com\/et\/wp-json\/wp\/v2\/comments?post=482"}],"wp:featuredmedia":[{"embeddable":true,"href":"https:\/\/divainers.com\/et\/wp-json\/wp\/v2\/media\/3361"}],"wp:attachment":[{"href":"https:\/\/divainers.com\/et\/wp-json\/wp\/v2\/media?parent=482"}],"wp:term":[{"taxonomy":"product_brand","embeddable":true,"href":"https:\/\/divainers.com\/et\/wp-json\/wp\/v2\/product_brand?post=482"},{"taxonomy":"product_cat","embeddable":true,"href":"https:\/\/divainers.com\/et\/wp-json\/wp\/v2\/product_cat?post=482"},{"taxonomy":"product_tag","embeddable":true,"href":"https:\/\/divainers.com\/et\/wp-json\/wp\/v2\/product_tag?post=482"}],"curies":[{"name":"wp","href":"https:\/\/api.w.org\/{rel}","templated":true}]}}