{"id":491,"date":"2025-01-31T08:32:09","date_gmt":"2025-01-31T07:32:09","guid":{"rendered":"https:\/\/divainers.com\/producto\/divain-626\/"},"modified":"2026-04-30T16:23:33","modified_gmt":"2026-04-30T14:23:33","slug":"divain-626","status":"publish","type":"product","link":"https:\/\/divainers.com\/et\/producto\/divain-626\/","title":{"rendered":"divain.626"},"content":{"rendered":"<p>\u010cerstv\u00e1, kv\u011btinov\u00e1 a sofistikovan\u00e1 v\u016fn\u011b, kter\u00e1 evokuje nad\u010dasovou eleganci a \u010distotu zahrady rozkv\u00e9taj\u00edc\u00ed na ja\u0159e. Od za\u010d\u00e1tku se t\u00f3ny pomeran\u010dov\u00e9ho kv\u011btu a r\u00fd\u017ee kombinuj\u00ed s jemnost\u00ed r\u016f\u017ee a jasm\u00ednu, vytv\u00e1\u0159ej\u00edc\u00ed sv\u011btl\u00fd a n\u011b\u017en\u00fd pocit jako jemn\u00fd v\u00e1nek. V srdci v\u016fn\u011b p\u0159in\u00e1\u0161ej\u00ed t\u00f3ny lilie a magn\u00f3lie kv\u011btinovou sv\u011b\u017eest spojenou s jemn\u00fdm n\u00e1dechem narcisu, zat\u00edmco z\u00e1klad z jantaru, santalov\u00e9ho d\u0159eva a vanilky poskytuje tepl\u00fd a obklopuj\u00edc\u00ed podklad. Parf\u00e9m ide\u00e1ln\u00ed pro ty, kte\u0159\u00ed hledaj\u00ed kv\u011btinovou, sv\u011b\u017e\u00ed a sofistikovanou v\u016fni, perfektn\u00ed na denn\u00ed no\u0161en\u00ed i zvl\u00e1\u0161tn\u00ed p\u0159\u00edle\u017eitosti, zanech\u00e1vaj\u00edc\u00ed jemn\u00fd a elegantn\u00ed stopu evokuj\u00edc\u00ed klid a eleganci.<\/p>\n","protected":false},"excerpt":{"rendered":"<p>P\u0159ipom\u00edn\u00e1 Love in White od Creed<\/p>\n","protected":false},"featured_media":16041,"comment_status":"open","ping_status":"closed","template":"","meta":[],"product_brand":[],"product_cat":[2264],"product_tag":[1430],"class_list":{"0":"post-491","1":"product","2":"type-product","3":"status-publish","4":"has-post-thumbnail","6":"product_cat-creed","7":"product_tag-zeny","9":"first","10":"instock","11":"shipping-taxable","12":"product-type-simple"},"_links":{"self":[{"href":"https:\/\/divainers.com\/et\/wp-json\/wp\/v2\/product\/491","targetHints":{"allow":["GET"]}}],"collection":[{"href":"https:\/\/divainers.com\/et\/wp-json\/wp\/v2\/product"}],"about":[{"href":"https:\/\/divainers.com\/et\/wp-json\/wp\/v2\/types\/product"}],"replies":[{"embeddable":true,"href":"https:\/\/divainers.com\/et\/wp-json\/wp\/v2\/comments?post=491"}],"wp:featuredmedia":[{"embeddable":true,"href":"https:\/\/divainers.com\/et\/wp-json\/wp\/v2\/media\/16041"}],"wp:attachment":[{"href":"https:\/\/divainers.com\/et\/wp-json\/wp\/v2\/media?parent=491"}],"wp:term":[{"taxonomy":"product_brand","embeddable":true,"href":"https:\/\/divainers.com\/et\/wp-json\/wp\/v2\/product_brand?post=491"},{"taxonomy":"product_cat","embeddable":true,"href":"https:\/\/divainers.com\/et\/wp-json\/wp\/v2\/product_cat?post=491"},{"taxonomy":"product_tag","embeddable":true,"href":"https:\/\/divainers.com\/et\/wp-json\/wp\/v2\/product_tag?post=491"}],"curies":[{"name":"wp","href":"https:\/\/api.w.org\/{rel}","templated":true}]}}