{"id":512,"date":"2025-01-31T08:32:12","date_gmt":"2025-01-31T07:32:12","guid":{"rendered":"https:\/\/divainers.com\/producto\/divain-148\/"},"modified":"2026-03-16T16:07:28","modified_gmt":"2026-03-16T15:07:28","slug":"divain-148","status":"publish","type":"product","link":"https:\/\/divainers.com\/et\/producto\/divain-148\/","title":{"rendered":"divain.148"},"content":{"rendered":"<p>Un aroma c\u00e1lido y sofisticado que captura la alegr\u00eda de vivir con un toque de elegancia atemporal. Su apertura vibrante de melocot\u00f3n, cardamomo y bergamota envuelve los sentidos en una sensaci\u00f3n chispeante y afrutada. En el coraz\u00f3n, un delicado bouquet de magnolia, canela y rosa despliega una feminidad envolvente y seductora. En el fondo, la vainilla, el s\u00e1ndalo y el cedro crean una estela cremosa y especiada, perfecta para la mujer elegante, sofisticada y con un esp\u00edritu libre que deja una huella inolvidable all\u00e1 donde va.<\/p>\n","protected":false},"excerpt":{"rendered":"<p>Recuerda a Dolce Vita de Dior<\/p>\n","protected":false},"featured_media":3631,"comment_status":"open","ping_status":"closed","template":"","meta":[],"product_brand":[],"product_cat":[2403],"product_tag":[1448],"class_list":{"0":"post-512","1":"product","2":"type-product","3":"status-publish","4":"has-post-thumbnail","6":"product_cat-dior","7":"product_tag-moterys","9":"first","10":"instock","11":"shipping-taxable","12":"product-type-simple"},"_links":{"self":[{"href":"https:\/\/divainers.com\/et\/wp-json\/wp\/v2\/product\/512","targetHints":{"allow":["GET"]}}],"collection":[{"href":"https:\/\/divainers.com\/et\/wp-json\/wp\/v2\/product"}],"about":[{"href":"https:\/\/divainers.com\/et\/wp-json\/wp\/v2\/types\/product"}],"replies":[{"embeddable":true,"href":"https:\/\/divainers.com\/et\/wp-json\/wp\/v2\/comments?post=512"}],"wp:featuredmedia":[{"embeddable":true,"href":"https:\/\/divainers.com\/et\/wp-json\/wp\/v2\/media\/3631"}],"wp:attachment":[{"href":"https:\/\/divainers.com\/et\/wp-json\/wp\/v2\/media?parent=512"}],"wp:term":[{"taxonomy":"product_brand","embeddable":true,"href":"https:\/\/divainers.com\/et\/wp-json\/wp\/v2\/product_brand?post=512"},{"taxonomy":"product_cat","embeddable":true,"href":"https:\/\/divainers.com\/et\/wp-json\/wp\/v2\/product_cat?post=512"},{"taxonomy":"product_tag","embeddable":true,"href":"https:\/\/divainers.com\/et\/wp-json\/wp\/v2\/product_tag?post=512"}],"curies":[{"name":"wp","href":"https:\/\/api.w.org\/{rel}","templated":true}]}}