{"id":5248,"date":"2026-01-21T13:22:12","date_gmt":"2026-01-21T12:22:12","guid":{"rendered":"https:\/\/divainers.com\/?post_type=product&#038;p=5248"},"modified":"2026-03-16T16:08:41","modified_gmt":"2026-03-16T15:08:41","slug":"divain-1310","status":"publish","type":"product","link":"https:\/\/divainers.com\/et\/producto\/divain-1310\/","title":{"rendered":"divain.1310"},"content":{"rendered":"<p>Evoca una sensaci\u00f3n luminosa y envolvente, como una brisa marina c\u00e1lida que acaricia la piel al atardecer. Tiene un car\u00e1cter sensual y elegante, con un equilibrio perfecto entre frescura y profundidad, ideal para quienes buscan un aroma sofisticado, magn\u00e9tico y con un aire libre, casi hipn\u00f3tico, que deja una estela memorable y muy personal.<\/p>\n","protected":false},"excerpt":{"rendered":"<p><span data-sheets-root=\"1\">Recuerda a Sea My Love de St\u00e9phane Humbert Lucas 777<\/span><\/p>\n","protected":false},"featured_media":5243,"comment_status":"open","ping_status":"closed","template":"","meta":[],"product_brand":[],"product_cat":[1090],"product_tag":[],"class_list":{"0":"post-5248","1":"product","2":"type-product","3":"status-publish","4":"has-post-thumbnail","6":"product_cat-stephane-humbert-lucas-777","8":"first","9":"instock","10":"shipping-taxable","11":"product-type-simple"},"_links":{"self":[{"href":"https:\/\/divainers.com\/et\/wp-json\/wp\/v2\/product\/5248","targetHints":{"allow":["GET"]}}],"collection":[{"href":"https:\/\/divainers.com\/et\/wp-json\/wp\/v2\/product"}],"about":[{"href":"https:\/\/divainers.com\/et\/wp-json\/wp\/v2\/types\/product"}],"replies":[{"embeddable":true,"href":"https:\/\/divainers.com\/et\/wp-json\/wp\/v2\/comments?post=5248"}],"wp:featuredmedia":[{"embeddable":true,"href":"https:\/\/divainers.com\/et\/wp-json\/wp\/v2\/media\/5243"}],"wp:attachment":[{"href":"https:\/\/divainers.com\/et\/wp-json\/wp\/v2\/media?parent=5248"}],"wp:term":[{"taxonomy":"product_brand","embeddable":true,"href":"https:\/\/divainers.com\/et\/wp-json\/wp\/v2\/product_brand?post=5248"},{"taxonomy":"product_cat","embeddable":true,"href":"https:\/\/divainers.com\/et\/wp-json\/wp\/v2\/product_cat?post=5248"},{"taxonomy":"product_tag","embeddable":true,"href":"https:\/\/divainers.com\/et\/wp-json\/wp\/v2\/product_tag?post=5248"}],"curies":[{"name":"wp","href":"https:\/\/api.w.org\/{rel}","templated":true}]}}