{"id":585,"date":"2025-01-31T08:32:20","date_gmt":"2025-01-31T07:32:20","guid":{"rendered":"https:\/\/divainers.com\/producto\/divain-158\/"},"modified":"2026-03-16T16:07:34","modified_gmt":"2026-03-16T15:07:34","slug":"divain-158","status":"publish","type":"product","link":"https:\/\/divainers.com\/et\/producto\/divain-158\/","title":{"rendered":"divain.158"},"content":{"rendered":"<p>Un aroma puro y sofisticado que evoca la frescura de un jard\u00edn en plena primavera. Su apertura luminosa de neroli y flor de papaya crea una sensaci\u00f3n delicada y et\u00e9rea. En el coraz\u00f3n, un bouquet exquisito de nen\u00fafar, narciso y amarilis blanca despliega una feminidad elegante y suave. En el fondo, el almizcle y la madera de cachemira aportan una calidez envolvente y sedosa, perfecta para la mujer rom\u00e1ntica, delicada y con un encanto natural que deja una estela inolvidable.<\/p>\n","protected":false},"excerpt":{"rendered":"<p>Recuerda a Dolce de Dolce &amp; Gabbana<\/p>\n","protected":false},"featured_media":3639,"comment_status":"open","ping_status":"closed","template":"","meta":[],"product_brand":[],"product_cat":[1501],"product_tag":[1439],"class_list":{"0":"post-585","1":"product","2":"type-product","3":"status-publish","4":"has-post-thumbnail","6":"product_cat-dolce-gabbana","7":"product_tag-kvinnor","9":"first","10":"instock","11":"shipping-taxable","12":"product-type-simple"},"_links":{"self":[{"href":"https:\/\/divainers.com\/et\/wp-json\/wp\/v2\/product\/585","targetHints":{"allow":["GET"]}}],"collection":[{"href":"https:\/\/divainers.com\/et\/wp-json\/wp\/v2\/product"}],"about":[{"href":"https:\/\/divainers.com\/et\/wp-json\/wp\/v2\/types\/product"}],"replies":[{"embeddable":true,"href":"https:\/\/divainers.com\/et\/wp-json\/wp\/v2\/comments?post=585"}],"wp:featuredmedia":[{"embeddable":true,"href":"https:\/\/divainers.com\/et\/wp-json\/wp\/v2\/media\/3639"}],"wp:attachment":[{"href":"https:\/\/divainers.com\/et\/wp-json\/wp\/v2\/media?parent=585"}],"wp:term":[{"taxonomy":"product_brand","embeddable":true,"href":"https:\/\/divainers.com\/et\/wp-json\/wp\/v2\/product_brand?post=585"},{"taxonomy":"product_cat","embeddable":true,"href":"https:\/\/divainers.com\/et\/wp-json\/wp\/v2\/product_cat?post=585"},{"taxonomy":"product_tag","embeddable":true,"href":"https:\/\/divainers.com\/et\/wp-json\/wp\/v2\/product_tag?post=585"}],"curies":[{"name":"wp","href":"https:\/\/api.w.org\/{rel}","templated":true}]}}