{"id":611,"date":"2025-01-31T08:32:24","date_gmt":"2025-01-31T07:32:24","guid":{"rendered":"https:\/\/divainers.com\/producto\/divain-118\/"},"modified":"2026-03-16T16:07:36","modified_gmt":"2026-03-16T15:07:36","slug":"divain-118","status":"publish","type":"product","link":"https:\/\/divainers.com\/et\/producto\/divain-118\/","title":{"rendered":"divain.118"},"content":{"rendered":"<p>Un aroma fresco y luminoso que captura la esencia de un jard\u00edn en plena floraci\u00f3n. Su apertura chispeante de notas verdes y pimienta rosa aporta una sensaci\u00f3n vibrante y delicada. En el coraz\u00f3n, un bouquet floral de lirio, peon\u00eda, rosa y jazm\u00edn envuelve la fragancia en una feminidad radiante y et\u00e9rea. En el fondo, el s\u00e1ndalo y el pachul\u00ed crean una estela suave y envolvente, perfecta para la mujer alegre, elegante y con una belleza natural que ilumina cada instante.<\/p>\n","protected":false},"excerpt":{"rendered":"<p>Recuerda a Pleasures de Estee Lauder<\/p>\n","protected":false},"featured_media":3610,"comment_status":"open","ping_status":"closed","template":"","meta":[],"product_brand":[],"product_cat":[361],"product_tag":[38],"class_list":{"0":"post-611","1":"product","2":"type-product","3":"status-publish","4":"has-post-thumbnail","6":"product_cat-estee-lauder","7":"product_tag-mujer","9":"first","10":"instock","11":"shipping-taxable","12":"product-type-simple"},"_links":{"self":[{"href":"https:\/\/divainers.com\/et\/wp-json\/wp\/v2\/product\/611","targetHints":{"allow":["GET"]}}],"collection":[{"href":"https:\/\/divainers.com\/et\/wp-json\/wp\/v2\/product"}],"about":[{"href":"https:\/\/divainers.com\/et\/wp-json\/wp\/v2\/types\/product"}],"replies":[{"embeddable":true,"href":"https:\/\/divainers.com\/et\/wp-json\/wp\/v2\/comments?post=611"}],"wp:featuredmedia":[{"embeddable":true,"href":"https:\/\/divainers.com\/et\/wp-json\/wp\/v2\/media\/3610"}],"wp:attachment":[{"href":"https:\/\/divainers.com\/et\/wp-json\/wp\/v2\/media?parent=611"}],"wp:term":[{"taxonomy":"product_brand","embeddable":true,"href":"https:\/\/divainers.com\/et\/wp-json\/wp\/v2\/product_brand?post=611"},{"taxonomy":"product_cat","embeddable":true,"href":"https:\/\/divainers.com\/et\/wp-json\/wp\/v2\/product_cat?post=611"},{"taxonomy":"product_tag","embeddable":true,"href":"https:\/\/divainers.com\/et\/wp-json\/wp\/v2\/product_tag?post=611"}],"curies":[{"name":"wp","href":"https:\/\/api.w.org\/{rel}","templated":true}]}}