{"id":669,"date":"2025-01-31T08:32:31","date_gmt":"2025-01-31T07:32:31","guid":{"rendered":"https:\/\/divainers.com\/producto\/divain-066\/"},"modified":"2026-03-16T16:07:40","modified_gmt":"2026-03-16T15:07:40","slug":"divain-066","status":"publish","type":"product","link":"https:\/\/divainers.com\/et\/producto\/divain-066\/","title":{"rendered":"divain.066"},"content":{"rendered":"<p>Un aroma atrevido y electrizante que despierta los sentidos con una combinaci\u00f3n audaz y adictiva. Su apertura vibrante de melocot\u00f3n, fresia y gardenia aporta un toque afrutado y floral con un aire ex\u00f3tico. En el coraz\u00f3n, el cilantro y la rosa de Damasco a\u00f1aden profundidad y sensualidad, envolviendo la fragancia en una calidez especiada. En el fondo, la vainilla, el pachul\u00ed y el vetiver crean una estela intensa y envolvente, perfecta para la mujer segura de s\u00ed misma, apasionada y con un magnetismo irresistible.<\/p>\n","protected":false},"excerpt":{"rendered":"<p>Recuerda a Rush de Gucci<\/p>\n","protected":false},"featured_media":3536,"comment_status":"open","ping_status":"closed","template":"","meta":[],"product_brand":[],"product_cat":[426],"product_tag":[1424],"class_list":{"0":"post-669","1":"product","2":"type-product","3":"status-publish","4":"has-post-thumbnail","6":"product_cat-gucci","7":"product_tag-femmes","9":"first","10":"instock","11":"shipping-taxable","12":"product-type-simple"},"_links":{"self":[{"href":"https:\/\/divainers.com\/et\/wp-json\/wp\/v2\/product\/669","targetHints":{"allow":["GET"]}}],"collection":[{"href":"https:\/\/divainers.com\/et\/wp-json\/wp\/v2\/product"}],"about":[{"href":"https:\/\/divainers.com\/et\/wp-json\/wp\/v2\/types\/product"}],"replies":[{"embeddable":true,"href":"https:\/\/divainers.com\/et\/wp-json\/wp\/v2\/comments?post=669"}],"wp:featuredmedia":[{"embeddable":true,"href":"https:\/\/divainers.com\/et\/wp-json\/wp\/v2\/media\/3536"}],"wp:attachment":[{"href":"https:\/\/divainers.com\/et\/wp-json\/wp\/v2\/media?parent=669"}],"wp:term":[{"taxonomy":"product_brand","embeddable":true,"href":"https:\/\/divainers.com\/et\/wp-json\/wp\/v2\/product_brand?post=669"},{"taxonomy":"product_cat","embeddable":true,"href":"https:\/\/divainers.com\/et\/wp-json\/wp\/v2\/product_cat?post=669"},{"taxonomy":"product_tag","embeddable":true,"href":"https:\/\/divainers.com\/et\/wp-json\/wp\/v2\/product_tag?post=669"}],"curies":[{"name":"wp","href":"https:\/\/api.w.org\/{rel}","templated":true}]}}