{"id":670,"date":"2025-01-31T08:32:31","date_gmt":"2025-01-31T07:32:31","guid":{"rendered":"https:\/\/divainers.com\/producto\/divain-138\/"},"modified":"2026-03-16T16:07:40","modified_gmt":"2026-03-16T15:07:40","slug":"divain-138","status":"publish","type":"product","link":"https:\/\/divainers.com\/et\/producto\/divain-138\/","title":{"rendered":"divain.138"},"content":{"rendered":"<p>Un aroma seductor y audaz que envuelve los sentidos con su feminidad moderna y magn\u00e9tica. Su apertura chispeante de mandarina y pimienta rosa aporta un toque vibrante y atrevido. En el coraz\u00f3n, la dulzura envolvente del durazno y la flor de lila crean una combinaci\u00f3n irresistible y sofisticada. En el fondo, el \u00e1mbar y el pachul\u00ed dejan una estela c\u00e1lida, intensa y sensual, perfecta para la mujer segura de s\u00ed misma, atrevida y con un encanto irresistible que desaf\u00eda las reglas y deja huella a su paso.<\/p>\n","protected":false},"excerpt":{"rendered":"<p>Recuerda a Guilty de Gucci<\/p>\n","protected":false},"featured_media":3624,"comment_status":"open","ping_status":"closed","template":"","meta":[],"product_brand":[],"product_cat":[426],"product_tag":[38],"class_list":{"0":"post-670","1":"product","2":"type-product","3":"status-publish","4":"has-post-thumbnail","6":"product_cat-gucci","7":"product_tag-mujer","9":"first","10":"instock","11":"shipping-taxable","12":"product-type-simple"},"_links":{"self":[{"href":"https:\/\/divainers.com\/et\/wp-json\/wp\/v2\/product\/670","targetHints":{"allow":["GET"]}}],"collection":[{"href":"https:\/\/divainers.com\/et\/wp-json\/wp\/v2\/product"}],"about":[{"href":"https:\/\/divainers.com\/et\/wp-json\/wp\/v2\/types\/product"}],"replies":[{"embeddable":true,"href":"https:\/\/divainers.com\/et\/wp-json\/wp\/v2\/comments?post=670"}],"wp:featuredmedia":[{"embeddable":true,"href":"https:\/\/divainers.com\/et\/wp-json\/wp\/v2\/media\/3624"}],"wp:attachment":[{"href":"https:\/\/divainers.com\/et\/wp-json\/wp\/v2\/media?parent=670"}],"wp:term":[{"taxonomy":"product_brand","embeddable":true,"href":"https:\/\/divainers.com\/et\/wp-json\/wp\/v2\/product_brand?post=670"},{"taxonomy":"product_cat","embeddable":true,"href":"https:\/\/divainers.com\/et\/wp-json\/wp\/v2\/product_cat?post=670"},{"taxonomy":"product_tag","embeddable":true,"href":"https:\/\/divainers.com\/et\/wp-json\/wp\/v2\/product_tag?post=670"}],"curies":[{"name":"wp","href":"https:\/\/api.w.org\/{rel}","templated":true}]}}