{"id":6973,"date":"2025-01-31T08:31:48","date_gmt":"2025-01-31T07:31:48","guid":{"rendered":"https:\/\/divainers.com\/producto\/divain-205\/"},"modified":"2026-03-26T14:15:48","modified_gmt":"2026-03-26T13:15:48","slug":"divain-205","status":"publish","type":"product","link":"https:\/\/divainers.com\/et\/producto\/divain-205\/","title":{"rendered":"divain.205"},"content":{"rendered":"<p><span data-sheets-root=\"1\">Elav ja magnetiline l\u00f5hn, mis kiirgab iga noodiga enesekindlust ja noorust. Selle v\u00e4rske ja ergutav avamine \u00fchendab sidruni, apelsini ja kardemoni, luues tsitruselise plahvatuse, mis on t\u00e4is energiat. S\u00fcdames toovad lavendel ja rosmariin puhta ja meheliku aromaatse puudutuse, samas kui muskuse, vetiveri ja tammesambla puidune p\u00f5hi lisab s\u00fcgavust ja sensuaalsust. T\u00e4iuslik neile, kes otsivad v\u00e4rsket, julget ja ahvatlevat l\u00f5hna, ideaalne igap\u00e4evaseks kasutamiseks v\u00f5i unustamatu mulje j\u00e4tmiseks.   <\/span><\/p>\n","protected":false},"excerpt":{"rendered":"<p>M\u00e4leta Fierce&#8217;i Abercrombie &amp; Fitchist<\/p>\n","protected":false},"featured_media":3374,"comment_status":"open","ping_status":"closed","template":"","meta":[],"product_brand":[],"product_cat":[1317],"product_tag":[1336],"class_list":{"0":"post-6973","1":"product","2":"type-product","3":"status-publish","4":"has-post-thumbnail","6":"product_cat-abercrombie-fitch","7":"product_tag-uomo","9":"first","10":"instock","11":"shipping-taxable","12":"product-type-simple"},"_links":{"self":[{"href":"https:\/\/divainers.com\/et\/wp-json\/wp\/v2\/product\/6973","targetHints":{"allow":["GET"]}}],"collection":[{"href":"https:\/\/divainers.com\/et\/wp-json\/wp\/v2\/product"}],"about":[{"href":"https:\/\/divainers.com\/et\/wp-json\/wp\/v2\/types\/product"}],"replies":[{"embeddable":true,"href":"https:\/\/divainers.com\/et\/wp-json\/wp\/v2\/comments?post=6973"}],"wp:featuredmedia":[{"embeddable":true,"href":"https:\/\/divainers.com\/et\/wp-json\/wp\/v2\/media\/3374"}],"wp:attachment":[{"href":"https:\/\/divainers.com\/et\/wp-json\/wp\/v2\/media?parent=6973"}],"wp:term":[{"taxonomy":"product_brand","embeddable":true,"href":"https:\/\/divainers.com\/et\/wp-json\/wp\/v2\/product_brand?post=6973"},{"taxonomy":"product_cat","embeddable":true,"href":"https:\/\/divainers.com\/et\/wp-json\/wp\/v2\/product_cat?post=6973"},{"taxonomy":"product_tag","embeddable":true,"href":"https:\/\/divainers.com\/et\/wp-json\/wp\/v2\/product_tag?post=6973"}],"curies":[{"name":"wp","href":"https:\/\/api.w.org\/{rel}","templated":true}]}}