{"id":6985,"date":"2025-01-31T08:31:48","date_gmt":"2025-01-31T07:31:48","guid":{"rendered":"https:\/\/divainers.com\/producto\/divain-320\/"},"modified":"2026-04-30T09:42:48","modified_gmt":"2026-04-30T07:42:48","slug":"divain-320","status":"publish","type":"product","link":"https:\/\/divainers.com\/et\/producto\/divain-320\/","title":{"rendered":"divain.320"},"content":{"rendered":"<p>Elav ja mehelik l\u00f5hn v\u00e4rske ja puuviljase algusega t\u00e4nu bergamotile ja rohelisele \u00f5unale, mida t\u00e4iendab v\u00fcrtsikas kardemoni noot. S\u00fcdames annavad lavendli ja rosmariini aromaatsed noodid puhta ja kaasaegse karakteri, samal ajal kui baas muutub soojemaks ja \u00fcmbritsevaks t\u00e4nu merevaigule, tonkapuule ja s\u00fcgavatele puidunootidele, luues tasakaalustatud l\u00f5hna v\u00e4rskuse ja sensuaalsuse vahel, ideaalne igap\u00e4evaseks kandmiseks.<\/p>\n","protected":false},"excerpt":{"rendered":"<p>Tuletab meelde First Instinct Blue by Abercrombie &#038; Fitch<\/p>\n","protected":false},"featured_media":6986,"comment_status":"open","ping_status":"closed","template":"","meta":[],"product_brand":[],"product_cat":[1317],"product_tag":[1342],"class_list":{"0":"post-6985","1":"product","2":"type-product","3":"status-publish","4":"has-post-thumbnail","6":"product_cat-abercrombie-fitch","7":"product_tag-mehed","9":"first","10":"instock","11":"shipping-taxable","12":"product-type-simple"},"_links":{"self":[{"href":"https:\/\/divainers.com\/et\/wp-json\/wp\/v2\/product\/6985","targetHints":{"allow":["GET"]}}],"collection":[{"href":"https:\/\/divainers.com\/et\/wp-json\/wp\/v2\/product"}],"about":[{"href":"https:\/\/divainers.com\/et\/wp-json\/wp\/v2\/types\/product"}],"replies":[{"embeddable":true,"href":"https:\/\/divainers.com\/et\/wp-json\/wp\/v2\/comments?post=6985"}],"wp:featuredmedia":[{"embeddable":true,"href":"https:\/\/divainers.com\/et\/wp-json\/wp\/v2\/media\/6986"}],"wp:attachment":[{"href":"https:\/\/divainers.com\/et\/wp-json\/wp\/v2\/media?parent=6985"}],"wp:term":[{"taxonomy":"product_brand","embeddable":true,"href":"https:\/\/divainers.com\/et\/wp-json\/wp\/v2\/product_brand?post=6985"},{"taxonomy":"product_cat","embeddable":true,"href":"https:\/\/divainers.com\/et\/wp-json\/wp\/v2\/product_cat?post=6985"},{"taxonomy":"product_tag","embeddable":true,"href":"https:\/\/divainers.com\/et\/wp-json\/wp\/v2\/product_tag?post=6985"}],"curies":[{"name":"wp","href":"https:\/\/api.w.org\/{rel}","templated":true}]}}