{"id":7094,"date":"2025-01-31T08:31:49","date_gmt":"2025-01-31T07:31:49","guid":{"rendered":"https:\/\/divainers.com\/producto\/divain-281\/"},"modified":"2026-04-30T09:43:20","modified_gmt":"2026-04-30T07:43:20","slug":"divain-281","status":"publish","type":"product","link":"https:\/\/divainers.com\/et\/producto\/divain-281\/","title":{"rendered":"divain.281"},"content":{"rendered":"<p>See on s\u00fcgav ja peen l\u00f5hn, mis paistab silma oma intensiivse oudi kohalolekuga \u2013 hinnalise vaiguga, mis on tuntud oma sooja, maal\u00e4hedase ja puiduse aroomi poolest. L\u00f5hn avaneb v\u00e4rskete ja v\u00fcrtsikate nootidega, mida t\u00e4iendab oudi tugev iseloom, p\u00f5imudes s\u00fcdames roosi ja safranilille puudutusega. P\u00f5hjas on nahanoote, seedripuitu ja muskus, mis annavad soojuse ja \u00fcmbritseva aluse. See parf\u00fc\u00fcm kutsub esile luksust, elegantsi ja eksklusiivsust, sobides ideaalselt erilisteks s\u00fcndmusteks ning neile, kes otsivad isikup\u00e4rast ja kauakestvat l\u00f5hna.<\/p>\n","protected":false},"excerpt":{"rendered":"<p>Tuletab meelde Oud Acqua di Parma poolt<\/p>\n","protected":false},"featured_media":7095,"comment_status":"open","ping_status":"closed","template":"","meta":[],"product_brand":[],"product_cat":[1399],"product_tag":[1342],"class_list":{"0":"post-7094","1":"product","2":"type-product","3":"status-publish","4":"has-post-thumbnail","6":"product_cat-acqua-di-parma","7":"product_tag-mehed","9":"first","10":"instock","11":"shipping-taxable","12":"product-type-simple"},"_links":{"self":[{"href":"https:\/\/divainers.com\/et\/wp-json\/wp\/v2\/product\/7094","targetHints":{"allow":["GET"]}}],"collection":[{"href":"https:\/\/divainers.com\/et\/wp-json\/wp\/v2\/product"}],"about":[{"href":"https:\/\/divainers.com\/et\/wp-json\/wp\/v2\/types\/product"}],"replies":[{"embeddable":true,"href":"https:\/\/divainers.com\/et\/wp-json\/wp\/v2\/comments?post=7094"}],"wp:featuredmedia":[{"embeddable":true,"href":"https:\/\/divainers.com\/et\/wp-json\/wp\/v2\/media\/7095"}],"wp:attachment":[{"href":"https:\/\/divainers.com\/et\/wp-json\/wp\/v2\/media?parent=7094"}],"wp:term":[{"taxonomy":"product_brand","embeddable":true,"href":"https:\/\/divainers.com\/et\/wp-json\/wp\/v2\/product_brand?post=7094"},{"taxonomy":"product_cat","embeddable":true,"href":"https:\/\/divainers.com\/et\/wp-json\/wp\/v2\/product_cat?post=7094"},{"taxonomy":"product_tag","embeddable":true,"href":"https:\/\/divainers.com\/et\/wp-json\/wp\/v2\/product_tag?post=7094"}],"curies":[{"name":"wp","href":"https:\/\/api.w.org\/{rel}","templated":true}]}}