{"id":7110,"date":"2025-01-31T08:31:49","date_gmt":"2025-01-31T07:31:49","guid":{"rendered":"https:\/\/divainers.com\/producto\/divain-770\/"},"modified":"2026-04-30T09:43:25","modified_gmt":"2026-04-30T07:43:25","slug":"divain-770","status":"publish","type":"product","link":"https:\/\/divainers.com\/et\/producto\/divain-770\/","title":{"rendered":"divain.770"},"content":{"rendered":"<p>See unisex l\u00f5hn avaneb tsitruseliste ja v\u00fcrtsikate nootide kombinatsiooniga, kus Calabria bergamott ja kollane mandariin toovad v\u00e4rskust, samal ajal kui roosa pipar lisab peent ja p\u00f5nevat n\u00fcanssi. S\u00fcdames p\u00f5imuvad kirsipuu\u00f5is ja sambac jasmiin, kutsudes esile Jaapani \u00f5itsevate aedade rahu ja ilu. Muskuse baas pakub sooja ja sensuaalset pehmust, pikendades l\u00f5hnaelamust nahal. See l\u00f5hn tabab Jaapani kevade olemust, pakkudes iga kasutuskorraga v\u00e4rskuse ja elegantsi tunnet.<\/p>\n","protected":false},"excerpt":{"rendered":"<p>Tuletab meelde Sakura EDP Acqua di Parma poolt<\/p>\n","protected":false},"featured_media":7112,"comment_status":"open","ping_status":"closed","template":"","meta":[],"product_brand":[],"product_cat":[1414],"product_tag":[1415],"class_list":{"0":"post-7110","1":"product","2":"type-product","3":"status-publish","4":"has-post-thumbnail","6":"product_cat-acqua-di-parma","7":"product_tag-unisex","9":"first","10":"instock","11":"shipping-taxable","12":"product-type-simple"},"_links":{"self":[{"href":"https:\/\/divainers.com\/et\/wp-json\/wp\/v2\/product\/7110","targetHints":{"allow":["GET"]}}],"collection":[{"href":"https:\/\/divainers.com\/et\/wp-json\/wp\/v2\/product"}],"about":[{"href":"https:\/\/divainers.com\/et\/wp-json\/wp\/v2\/types\/product"}],"replies":[{"embeddable":true,"href":"https:\/\/divainers.com\/et\/wp-json\/wp\/v2\/comments?post=7110"}],"wp:featuredmedia":[{"embeddable":true,"href":"https:\/\/divainers.com\/et\/wp-json\/wp\/v2\/media\/7112"}],"wp:attachment":[{"href":"https:\/\/divainers.com\/et\/wp-json\/wp\/v2\/media?parent=7110"}],"wp:term":[{"taxonomy":"product_brand","embeddable":true,"href":"https:\/\/divainers.com\/et\/wp-json\/wp\/v2\/product_brand?post=7110"},{"taxonomy":"product_cat","embeddable":true,"href":"https:\/\/divainers.com\/et\/wp-json\/wp\/v2\/product_cat?post=7110"},{"taxonomy":"product_tag","embeddable":true,"href":"https:\/\/divainers.com\/et\/wp-json\/wp\/v2\/product_tag?post=7110"}],"curies":[{"name":"wp","href":"https:\/\/api.w.org\/{rel}","templated":true}]}}