{"id":7134,"date":"2025-01-31T08:31:49","date_gmt":"2025-01-31T07:31:49","guid":{"rendered":"https:\/\/divainers.com\/producto\/divain-443\/"},"modified":"2026-04-30T09:43:35","modified_gmt":"2026-04-30T07:43:35","slug":"divain-443","status":"publish","type":"product","link":"https:\/\/divainers.com\/et\/producto\/divain-443\/","title":{"rendered":"divain.443"},"content":{"rendered":"<p>V\u00e4rske ja s\u00e4rav l\u00f5hn, mis viib sind Vahemere tuuleiili juurde, kus p\u00e4ike paitab nahka ja meri sosistab horisondil. Esimesest hetkest alates \u00e4ratavad m\u00fcndi eluj\u00f5ud ja Itaalia tsitruste kihisev v\u00e4rskus meeled s\u00e4rava energiaga. S\u00fcdames lisavad kadakas ja lillelised noodid aromaatse ja peene puudutuse, kutsudes esile looduse k\u00f5ige puhtamal kujul. L\u00f5puks j\u00e4tab merevaigu ja muskuse baas pehme, \u00fcmbritseva ja elegantse j\u00e4rele. V\u00e4rskendav ja rafineeritud parf\u00fc\u00fcm, ideaalne neile, kes otsivad v\u00e4rskust, rahu ja Vahemere p\u00f5genemise tunnet.<\/p>\n","protected":false},"excerpt":{"rendered":"<p>Tuletab meelde Blue Mediterraneo Mirto di Panarea Acqua Di Parma poolt<\/p>\n","protected":false},"featured_media":7137,"comment_status":"open","ping_status":"closed","template":"","meta":[],"product_brand":[],"product_cat":[1397],"product_tag":[1410],"class_list":{"0":"post-7134","1":"product","2":"type-product","3":"status-publish","4":"has-post-thumbnail","6":"product_cat-acqua-di-parma","7":"product_tag-uniseks","9":"first","10":"instock","11":"shipping-taxable","12":"product-type-simple"},"_links":{"self":[{"href":"https:\/\/divainers.com\/et\/wp-json\/wp\/v2\/product\/7134","targetHints":{"allow":["GET"]}}],"collection":[{"href":"https:\/\/divainers.com\/et\/wp-json\/wp\/v2\/product"}],"about":[{"href":"https:\/\/divainers.com\/et\/wp-json\/wp\/v2\/types\/product"}],"replies":[{"embeddable":true,"href":"https:\/\/divainers.com\/et\/wp-json\/wp\/v2\/comments?post=7134"}],"wp:featuredmedia":[{"embeddable":true,"href":"https:\/\/divainers.com\/et\/wp-json\/wp\/v2\/media\/7137"}],"wp:attachment":[{"href":"https:\/\/divainers.com\/et\/wp-json\/wp\/v2\/media?parent=7134"}],"wp:term":[{"taxonomy":"product_brand","embeddable":true,"href":"https:\/\/divainers.com\/et\/wp-json\/wp\/v2\/product_brand?post=7134"},{"taxonomy":"product_cat","embeddable":true,"href":"https:\/\/divainers.com\/et\/wp-json\/wp\/v2\/product_cat?post=7134"},{"taxonomy":"product_tag","embeddable":true,"href":"https:\/\/divainers.com\/et\/wp-json\/wp\/v2\/product_tag?post=7134"}],"curies":[{"name":"wp","href":"https:\/\/api.w.org\/{rel}","templated":true}]}}