{"id":714,"date":"2025-01-31T08:32:38","date_gmt":"2025-01-31T07:32:38","guid":{"rendered":"https:\/\/divainers.com\/producto\/divain-151\/"},"modified":"2026-03-16T16:07:44","modified_gmt":"2026-03-16T15:07:44","slug":"divain-151","status":"publish","type":"product","link":"https:\/\/divainers.com\/et\/producto\/divain-151\/","title":{"rendered":"divain.151"},"content":{"rendered":"<p>Un aroma c\u00e1lido y vibrante que refleja optimismo, energ\u00eda y una feminidad natural. Su apertura chispeante de manzana dulce aporta frescura y jugosidad, creando una sensaci\u00f3n alegre y luminosa. En el coraz\u00f3n, un delicado toque de flor de azahar y canela envuelve los sentidos con una calidez especiada y acogedora. En el fondo, la cremosa vainilla, el s\u00e1ndalo y la madera de olivo dejan una estela suave y envolvente, perfecta para la mujer espont\u00e1nea, carism\u00e1tica y con un esp\u00edritu libre que irradia confianza y alegr\u00eda.<\/p>\n","protected":false},"excerpt":{"rendered":"<p>Recuerda a Boss Orange de Hugo Boss<\/p>\n","protected":false},"featured_media":3634,"comment_status":"open","ping_status":"closed","template":"","meta":[],"product_brand":[],"product_cat":[469],"product_tag":[38],"class_list":{"0":"post-714","1":"product","2":"type-product","3":"status-publish","4":"has-post-thumbnail","6":"product_cat-hugo-boss","7":"product_tag-mujer","9":"first","10":"instock","11":"shipping-taxable","12":"product-type-simple"},"_links":{"self":[{"href":"https:\/\/divainers.com\/et\/wp-json\/wp\/v2\/product\/714","targetHints":{"allow":["GET"]}}],"collection":[{"href":"https:\/\/divainers.com\/et\/wp-json\/wp\/v2\/product"}],"about":[{"href":"https:\/\/divainers.com\/et\/wp-json\/wp\/v2\/types\/product"}],"replies":[{"embeddable":true,"href":"https:\/\/divainers.com\/et\/wp-json\/wp\/v2\/comments?post=714"}],"wp:featuredmedia":[{"embeddable":true,"href":"https:\/\/divainers.com\/et\/wp-json\/wp\/v2\/media\/3634"}],"wp:attachment":[{"href":"https:\/\/divainers.com\/et\/wp-json\/wp\/v2\/media?parent=714"}],"wp:term":[{"taxonomy":"product_brand","embeddable":true,"href":"https:\/\/divainers.com\/et\/wp-json\/wp\/v2\/product_brand?post=714"},{"taxonomy":"product_cat","embeddable":true,"href":"https:\/\/divainers.com\/et\/wp-json\/wp\/v2\/product_cat?post=714"},{"taxonomy":"product_tag","embeddable":true,"href":"https:\/\/divainers.com\/et\/wp-json\/wp\/v2\/product_tag?post=714"}],"curies":[{"name":"wp","href":"https:\/\/api.w.org\/{rel}","templated":true}]}}