{"id":7240,"date":"2025-01-31T08:31:49","date_gmt":"2025-01-31T07:31:49","guid":{"rendered":"https:\/\/divainers.com\/producto\/divain-318\/"},"modified":"2026-04-30T09:44:03","modified_gmt":"2026-04-30T07:44:03","slug":"divain-318","status":"publish","type":"product","link":"https:\/\/divainers.com\/et\/producto\/divain-318\/","title":{"rendered":"divain.318"},"content":{"rendered":"<p>Intensiivne ja sofistikeeritud l\u00f5hn, mis \u00fchendab oudi s\u00fcgavuse Itaalia tsitruste elegantsiga. Selle v\u00e4rske ja s\u00e4rav ava viib v\u00fcrtsika ja puiduse s\u00fcdame juurde, kus oud p\u00f5imub palsamiliste ja soojade nootidega. P\u00f5hi on rikkalik ja \u00fcmbritsev, nahkade ja vaigude puudutustega, mis annavad rafineeritud luksuse tunde. T\u00e4iuslik neile, kes otsivad iseloomuliku ja elegantse l\u00f5hna.<\/p>\n","protected":false},"excerpt":{"rendered":"<p>Tuletab meelde Oud Eau de Cologne Concentr\u00e9e de Acqua di Parma<\/p>\n","protected":false},"featured_media":7243,"comment_status":"open","ping_status":"closed","template":"","meta":[],"product_brand":[],"product_cat":[1399],"product_tag":[1342],"class_list":{"0":"post-7240","1":"product","2":"type-product","3":"status-publish","4":"has-post-thumbnail","6":"product_cat-acqua-di-parma","7":"product_tag-mehed","9":"first","10":"instock","11":"shipping-taxable","12":"product-type-simple"},"_links":{"self":[{"href":"https:\/\/divainers.com\/et\/wp-json\/wp\/v2\/product\/7240","targetHints":{"allow":["GET"]}}],"collection":[{"href":"https:\/\/divainers.com\/et\/wp-json\/wp\/v2\/product"}],"about":[{"href":"https:\/\/divainers.com\/et\/wp-json\/wp\/v2\/types\/product"}],"replies":[{"embeddable":true,"href":"https:\/\/divainers.com\/et\/wp-json\/wp\/v2\/comments?post=7240"}],"wp:featuredmedia":[{"embeddable":true,"href":"https:\/\/divainers.com\/et\/wp-json\/wp\/v2\/media\/7243"}],"wp:attachment":[{"href":"https:\/\/divainers.com\/et\/wp-json\/wp\/v2\/media?parent=7240"}],"wp:term":[{"taxonomy":"product_brand","embeddable":true,"href":"https:\/\/divainers.com\/et\/wp-json\/wp\/v2\/product_brand?post=7240"},{"taxonomy":"product_cat","embeddable":true,"href":"https:\/\/divainers.com\/et\/wp-json\/wp\/v2\/product_cat?post=7240"},{"taxonomy":"product_tag","embeddable":true,"href":"https:\/\/divainers.com\/et\/wp-json\/wp\/v2\/product_tag?post=7240"}],"curies":[{"name":"wp","href":"https:\/\/api.w.org\/{rel}","templated":true}]}}