{"id":7282,"date":"2025-01-31T08:31:50","date_gmt":"2025-01-31T07:31:50","guid":{"rendered":"https:\/\/divainers.com\/producto\/divain-086\/"},"modified":"2026-04-30T09:44:25","modified_gmt":"2026-04-30T07:44:25","slug":"divain-086","status":"publish","type":"product","link":"https:\/\/divainers.com\/et\/producto\/divain-086\/","title":{"rendered":"divain.086"},"content":{"rendered":"<p>\u00d5rn ja ajatu l\u00f5hn, mis tabab rooside v\u00e4rskust ja loomulikku elegantsi nende parimas v\u00e4ljenduses. Selle s\u00e4rav algus tsitruste ja roheliste lehtedega toob v\u00e4rskendava ja kerge tunde. S\u00fcdames m\u00e4hivad Bulgaaria roos ja kevadlill l\u00f5hna puhtasse ja rafineeritud naiselikkusse. P\u00f5hjas loovad muskus ja sandlipuu pehme ja \u00fcmbritseva j\u00e4lje, mis sobib ideaalselt romantilisele, rahulikule naisele, kelle loomulik v\u00f5lu j\u00e4tab j\u00e4lje.<\/p>\n","protected":false},"excerpt":{"rendered":"<p>Tuletab meelde Agua fresca de rosas de Adolfo Dominguez<\/p>\n","protected":false},"featured_media":7285,"comment_status":"open","ping_status":"closed","template":"","meta":[],"product_brand":[],"product_cat":[1431],"product_tag":[1432],"class_list":{"0":"post-7282","1":"product","2":"type-product","3":"status-publish","4":"has-post-thumbnail","6":"product_cat-adolfo-dominguez","7":"product_tag-naised","9":"first","10":"instock","11":"shipping-taxable","12":"product-type-simple"},"_links":{"self":[{"href":"https:\/\/divainers.com\/et\/wp-json\/wp\/v2\/product\/7282","targetHints":{"allow":["GET"]}}],"collection":[{"href":"https:\/\/divainers.com\/et\/wp-json\/wp\/v2\/product"}],"about":[{"href":"https:\/\/divainers.com\/et\/wp-json\/wp\/v2\/types\/product"}],"replies":[{"embeddable":true,"href":"https:\/\/divainers.com\/et\/wp-json\/wp\/v2\/comments?post=7282"}],"wp:featuredmedia":[{"embeddable":true,"href":"https:\/\/divainers.com\/et\/wp-json\/wp\/v2\/media\/7285"}],"wp:attachment":[{"href":"https:\/\/divainers.com\/et\/wp-json\/wp\/v2\/media?parent=7282"}],"wp:term":[{"taxonomy":"product_brand","embeddable":true,"href":"https:\/\/divainers.com\/et\/wp-json\/wp\/v2\/product_brand?post=7282"},{"taxonomy":"product_cat","embeddable":true,"href":"https:\/\/divainers.com\/et\/wp-json\/wp\/v2\/product_cat?post=7282"},{"taxonomy":"product_tag","embeddable":true,"href":"https:\/\/divainers.com\/et\/wp-json\/wp\/v2\/product_tag?post=7282"}],"curies":[{"name":"wp","href":"https:\/\/api.w.org\/{rel}","templated":true}]}}