{"id":7306,"date":"2025-01-31T08:31:50","date_gmt":"2025-01-31T07:31:50","guid":{"rendered":"https:\/\/divainers.com\/producto\/divain-049\/"},"modified":"2026-04-30T09:44:38","modified_gmt":"2026-04-30T07:44:38","slug":"divain-049","status":"publish","type":"product","link":"https:\/\/divainers.com\/et\/producto\/divain-049\/","title":{"rendered":"divain.049"},"content":{"rendered":"<p>V\u00e4rske ja loomulik l\u00f5hn, mis kutsub esile looduse rahu ja tasakaalu. Selle s\u00e4rav algus tsitruste ja roheliste nootidega annab kerge ja v\u00e4rskendava tunde, samal ajal kui bambuse ja pehmete v\u00fcrtside aromaatne s\u00fcda lisab eksootilise ja rafineeritud puudutuse. P\u00f5hjas loovad seedripuu, merevaik ja muskus sooja ja \u00fcmbritseva j\u00e4rellainetuse, mis sobib ideaalselt mehele, kes otsib v\u00e4rskust, elegantsi ja harmooniat igap\u00e4evaelus.<\/p>\n","protected":false},"excerpt":{"rendered":"<p>Tuletab meelde Bamb\u00fa Adolfo Dominguezilt<\/p>\n","protected":false},"featured_media":7310,"comment_status":"open","ping_status":"closed","template":"","meta":[],"product_brand":[],"product_cat":[1431],"product_tag":[1342],"class_list":{"0":"post-7306","1":"product","2":"type-product","3":"status-publish","4":"has-post-thumbnail","6":"product_cat-adolfo-dominguez","7":"product_tag-mehed","9":"first","10":"instock","11":"shipping-taxable","12":"product-type-simple"},"_links":{"self":[{"href":"https:\/\/divainers.com\/et\/wp-json\/wp\/v2\/product\/7306","targetHints":{"allow":["GET"]}}],"collection":[{"href":"https:\/\/divainers.com\/et\/wp-json\/wp\/v2\/product"}],"about":[{"href":"https:\/\/divainers.com\/et\/wp-json\/wp\/v2\/types\/product"}],"replies":[{"embeddable":true,"href":"https:\/\/divainers.com\/et\/wp-json\/wp\/v2\/comments?post=7306"}],"wp:featuredmedia":[{"embeddable":true,"href":"https:\/\/divainers.com\/et\/wp-json\/wp\/v2\/media\/7310"}],"wp:attachment":[{"href":"https:\/\/divainers.com\/et\/wp-json\/wp\/v2\/media?parent=7306"}],"wp:term":[{"taxonomy":"product_brand","embeddable":true,"href":"https:\/\/divainers.com\/et\/wp-json\/wp\/v2\/product_brand?post=7306"},{"taxonomy":"product_cat","embeddable":true,"href":"https:\/\/divainers.com\/et\/wp-json\/wp\/v2\/product_cat?post=7306"},{"taxonomy":"product_tag","embeddable":true,"href":"https:\/\/divainers.com\/et\/wp-json\/wp\/v2\/product_tag?post=7306"}],"curies":[{"name":"wp","href":"https:\/\/api.w.org\/{rel}","templated":true}]}}