{"id":7325,"date":"2025-01-31T08:31:50","date_gmt":"2025-01-31T07:31:50","guid":{"rendered":"https:\/\/divainers.com\/producto\/divain-031\/"},"modified":"2026-04-30T09:44:41","modified_gmt":"2026-04-30T07:44:41","slug":"divain-031","status":"publish","type":"product","link":"https:\/\/divainers.com\/et\/producto\/divain-031\/","title":{"rendered":"divain.031"},"content":{"rendered":"<p>Looduslik ja v\u00e4rskendav l\u00f5hn, mis kutsub esile looduse puhtaimat v\u00e4rskust. Bergamoti ja mandariini tsitruselised algnoodid segunevad rosmariini, lavendli ja koriandriga, luues puhta ja energiat andva tunde. P\u00f5hjas annavad tammesammal, vetiver ja sandlipuu s\u00fcgavust ja elegantsi, j\u00e4ttes kerge, kuid rafineeritud j\u00e4rell\u00f5hna. T\u00e4iuslik neile, kes otsivad v\u00e4rsket, tasakaalustatud ja ajatut l\u00f5hna.<\/p>\n","protected":false},"excerpt":{"rendered":"<p>Tuletab meelde Agua Fresca Adolfo Dominguezilt<\/p>\n","protected":false},"featured_media":7327,"comment_status":"open","ping_status":"closed","template":"","meta":[],"product_brand":[],"product_cat":[1431],"product_tag":[1342],"class_list":{"0":"post-7325","1":"product","2":"type-product","3":"status-publish","4":"has-post-thumbnail","6":"product_cat-adolfo-dominguez","7":"product_tag-mehed","9":"first","10":"instock","11":"shipping-taxable","12":"product-type-simple"},"_links":{"self":[{"href":"https:\/\/divainers.com\/et\/wp-json\/wp\/v2\/product\/7325","targetHints":{"allow":["GET"]}}],"collection":[{"href":"https:\/\/divainers.com\/et\/wp-json\/wp\/v2\/product"}],"about":[{"href":"https:\/\/divainers.com\/et\/wp-json\/wp\/v2\/types\/product"}],"replies":[{"embeddable":true,"href":"https:\/\/divainers.com\/et\/wp-json\/wp\/v2\/comments?post=7325"}],"wp:featuredmedia":[{"embeddable":true,"href":"https:\/\/divainers.com\/et\/wp-json\/wp\/v2\/media\/7327"}],"wp:attachment":[{"href":"https:\/\/divainers.com\/et\/wp-json\/wp\/v2\/media?parent=7325"}],"wp:term":[{"taxonomy":"product_brand","embeddable":true,"href":"https:\/\/divainers.com\/et\/wp-json\/wp\/v2\/product_brand?post=7325"},{"taxonomy":"product_cat","embeddable":true,"href":"https:\/\/divainers.com\/et\/wp-json\/wp\/v2\/product_cat?post=7325"},{"taxonomy":"product_tag","embeddable":true,"href":"https:\/\/divainers.com\/et\/wp-json\/wp\/v2\/product_tag?post=7325"}],"curies":[{"name":"wp","href":"https:\/\/api.w.org\/{rel}","templated":true}]}}