{"id":746,"date":"2025-01-31T08:32:41","date_gmt":"2025-01-31T07:32:41","guid":{"rendered":"https:\/\/divainers.com\/producto\/divain-449\/"},"modified":"2026-04-30T16:04:47","modified_gmt":"2026-04-30T14:04:47","slug":"divain-449","status":"publish","type":"product","link":"https:\/\/divainers.com\/et\/producto\/divain-449\/","title":{"rendered":"divain.449"},"content":{"rendered":"<p>Provokativan i magnetski miris koji odi\u0161e senzualno\u0161\u0107u i mo\u0107i u svakoj noti. Od otvaranja, topla za\u010dinska nota \u0111umbira i mandarine budi osjetila s vibrantnom i elektriziraju\u0107om svje\u017einom. U srcu, ovisni spoj tamnog karamela i tonka graha donosi duboku i zavodljivu slatko\u0107u, uravnote\u017eenu drvenastim dodirom koji poja\u010dava njegov karakter. Na kraju, baza od dimljenog drva i jantara ostavlja obavijaju\u0107i, intenzivan i dugotrajan trag. Odva\u017ean i sofisticiran parfem, idealan za one koji tra\u017ee miris s prisutno\u0161\u0107u, zavo\u0111enjem i neupitnom osobno\u0161\u0107u.<\/p>\n","protected":false},"excerpt":{"rendered":"<p>Podsje\u0107a na Scandal Pour Homme Absolu od Jean Paul Gaultier<\/p>\n","protected":false},"featured_media":15461,"comment_status":"open","ping_status":"closed","template":"","meta":[],"product_brand":[],"product_cat":[1289],"product_tag":[1346],"class_list":{"0":"post-746","1":"product","2":"type-product","3":"status-publish","4":"has-post-thumbnail","6":"product_cat-jean-paul-gaultier","7":"product_tag-men","9":"first","10":"instock","11":"shipping-taxable","12":"product-type-simple"},"_links":{"self":[{"href":"https:\/\/divainers.com\/et\/wp-json\/wp\/v2\/product\/746","targetHints":{"allow":["GET"]}}],"collection":[{"href":"https:\/\/divainers.com\/et\/wp-json\/wp\/v2\/product"}],"about":[{"href":"https:\/\/divainers.com\/et\/wp-json\/wp\/v2\/types\/product"}],"replies":[{"embeddable":true,"href":"https:\/\/divainers.com\/et\/wp-json\/wp\/v2\/comments?post=746"}],"wp:featuredmedia":[{"embeddable":true,"href":"https:\/\/divainers.com\/et\/wp-json\/wp\/v2\/media\/15461"}],"wp:attachment":[{"href":"https:\/\/divainers.com\/et\/wp-json\/wp\/v2\/media?parent=746"}],"wp:term":[{"taxonomy":"product_brand","embeddable":true,"href":"https:\/\/divainers.com\/et\/wp-json\/wp\/v2\/product_brand?post=746"},{"taxonomy":"product_cat","embeddable":true,"href":"https:\/\/divainers.com\/et\/wp-json\/wp\/v2\/product_cat?post=746"},{"taxonomy":"product_tag","embeddable":true,"href":"https:\/\/divainers.com\/et\/wp-json\/wp\/v2\/product_tag?post=746"}],"curies":[{"name":"wp","href":"https:\/\/api.w.org\/{rel}","templated":true}]}}