{"id":7627,"date":"2025-01-31T08:32:01","date_gmt":"2025-01-31T07:32:01","guid":{"rendered":"https:\/\/divainers.com\/producto\/divain-003\/"},"modified":"2026-04-30T09:47:04","modified_gmt":"2026-04-30T07:47:04","slug":"divain-003","status":"publish","type":"product","link":"https:\/\/divainers.com\/et\/producto\/divain-003\/","title":{"rendered":"divain.003"},"content":{"rendered":"<p>Kujutage ette meeli\u00fclendavat r\u00e4nnakut, kus ajatu elegants kohtub seiklusega. See l\u00f5hn \u00fchendab naha ja vanilli soojust safrani ja muskaatp\u00e4hkli v\u00fcrtsika magnetismiga. V\u00e4rskete tsitruste puudutus p\u00f5imub v\u00e4\u00e4rikate puidude s\u00fcdamega ning \u00fcmbrise moodustab merevaigu ja vetiveri baas, luues rafineeritud, meheliku ja ahvatleva aroomi. T\u00e4iuslik neile, kes otsivad igas essentsis erilisust ja iseloomu.<\/p>\n","protected":false},"excerpt":{"rendered":"<p>Tuletab meelde CH Men Carolina Herrera poolt<\/p>\n","protected":false},"featured_media":7626,"comment_status":"open","ping_status":"closed","template":"","meta":[],"product_brand":[],"product_cat":[1529],"product_tag":[1346],"class_list":{"0":"post-7627","1":"product","2":"type-product","3":"status-publish","4":"has-post-thumbnail","6":"product_cat-carolina-herrera","7":"product_tag-men","9":"first","10":"instock","11":"shipping-taxable","12":"product-type-simple"},"_links":{"self":[{"href":"https:\/\/divainers.com\/et\/wp-json\/wp\/v2\/product\/7627","targetHints":{"allow":["GET"]}}],"collection":[{"href":"https:\/\/divainers.com\/et\/wp-json\/wp\/v2\/product"}],"about":[{"href":"https:\/\/divainers.com\/et\/wp-json\/wp\/v2\/types\/product"}],"replies":[{"embeddable":true,"href":"https:\/\/divainers.com\/et\/wp-json\/wp\/v2\/comments?post=7627"}],"wp:featuredmedia":[{"embeddable":true,"href":"https:\/\/divainers.com\/et\/wp-json\/wp\/v2\/media\/7626"}],"wp:attachment":[{"href":"https:\/\/divainers.com\/et\/wp-json\/wp\/v2\/media?parent=7627"}],"wp:term":[{"taxonomy":"product_brand","embeddable":true,"href":"https:\/\/divainers.com\/et\/wp-json\/wp\/v2\/product_brand?post=7627"},{"taxonomy":"product_cat","embeddable":true,"href":"https:\/\/divainers.com\/et\/wp-json\/wp\/v2\/product_cat?post=7627"},{"taxonomy":"product_tag","embeddable":true,"href":"https:\/\/divainers.com\/et\/wp-json\/wp\/v2\/product_tag?post=7627"}],"curies":[{"name":"wp","href":"https:\/\/api.w.org\/{rel}","templated":true}]}}