{"id":7676,"date":"2025-01-31T08:32:01","date_gmt":"2025-01-31T07:32:01","guid":{"rendered":"https:\/\/divainers.com\/producto\/divain-004\/"},"modified":"2026-04-30T09:47:19","modified_gmt":"2026-04-30T07:47:19","slug":"divain-004","status":"publish","type":"product","link":"https:\/\/divainers.com\/et\/producto\/divain-004\/","title":{"rendered":"divain.004"},"content":{"rendered":"<p>V\u00e4rskuse ja d\u00fcnaamika plahvatus, mis \u00e4ratab ellu linna elava energia. See l\u00f5hn \u00fchendab ergutavad tsitruselised noodid v\u00fcrtsika s\u00fcdamega, mis koosneb piprast ja ingverist, luues rafineeritud ja kaasaegse kontrasti. Puidune baas muskusel ja sandlipuul lisab s\u00fcgavust ja magnetismi, j\u00e4ttes elegantse ja v\u00f5rgutava j\u00e4lje. Ideaalne kosmopoliitsele mehele, kes on enesekindel ja omab isikup\u00e4rast stiili.<\/p>\n","protected":false},"excerpt":{"rendered":"<p>Tuletab meelde 212 Men Carolina Herrera poolt<\/p>\n","protected":false},"featured_media":7670,"comment_status":"open","ping_status":"closed","template":"","meta":[],"product_brand":[],"product_cat":[1532],"product_tag":[1342],"class_list":{"0":"post-7676","1":"product","2":"type-product","3":"status-publish","4":"has-post-thumbnail","6":"product_cat-carolina-herrera","7":"product_tag-mehed","9":"first","10":"instock","11":"shipping-taxable","12":"product-type-simple"},"_links":{"self":[{"href":"https:\/\/divainers.com\/et\/wp-json\/wp\/v2\/product\/7676","targetHints":{"allow":["GET"]}}],"collection":[{"href":"https:\/\/divainers.com\/et\/wp-json\/wp\/v2\/product"}],"about":[{"href":"https:\/\/divainers.com\/et\/wp-json\/wp\/v2\/types\/product"}],"replies":[{"embeddable":true,"href":"https:\/\/divainers.com\/et\/wp-json\/wp\/v2\/comments?post=7676"}],"wp:featuredmedia":[{"embeddable":true,"href":"https:\/\/divainers.com\/et\/wp-json\/wp\/v2\/media\/7670"}],"wp:attachment":[{"href":"https:\/\/divainers.com\/et\/wp-json\/wp\/v2\/media?parent=7676"}],"wp:term":[{"taxonomy":"product_brand","embeddable":true,"href":"https:\/\/divainers.com\/et\/wp-json\/wp\/v2\/product_brand?post=7676"},{"taxonomy":"product_cat","embeddable":true,"href":"https:\/\/divainers.com\/et\/wp-json\/wp\/v2\/product_cat?post=7676"},{"taxonomy":"product_tag","embeddable":true,"href":"https:\/\/divainers.com\/et\/wp-json\/wp\/v2\/product_tag?post=7676"}],"curies":[{"name":"wp","href":"https:\/\/api.w.org\/{rel}","templated":true}]}}