{"id":770,"date":"2025-01-31T08:32:44","date_gmt":"2025-01-31T07:32:44","guid":{"rendered":"https:\/\/divainers.com\/producto\/divain-618\/"},"modified":"2026-03-16T16:07:49","modified_gmt":"2026-03-16T15:07:49","slug":"divain-618","status":"publish","type":"product","link":"https:\/\/divainers.com\/et\/producto\/divain-618\/","title":{"rendered":"divain.618"},"content":{"rendered":"<p class=\"\" data-start=\"0\" data-end=\"520\">Un aroma sofisticado, floral y delicadamente fresco que captura la esencia de una floraci\u00f3n exuberante. Desde la apertura, la intensidad cremosa de la tuberosa se despliega con su car\u00e1cter dulce y opulento, mientras que la ang\u00e9lica aporta una frescura verde y ligeramente especiada que equilibra perfectamente la flor. En su coraz\u00f3n, la mezcla de notas florales se suaviza con un toque suave de almizcle, dejando una estela delicada pero envolvente, con un fondo de maderas suaves que le otorgan profundidad y elegancia.<\/p>\n<p class=\"\" data-start=\"522\" data-end=\"722\">Un perfume ideal para quienes buscan una fragancia floral intensa pero equilibrada, perfecta para aquellos que disfrutan de un aroma sofisticado y \u00fanico, adecuado tanto para el d\u00eda como para la noche.<\/p>\n","protected":false},"excerpt":{"rendered":"<p>Recuerda a Tuberose Angelica de Jo Malone<\/p>\n","protected":false},"featured_media":3004,"comment_status":"open","ping_status":"closed","template":"","meta":[],"product_brand":[],"product_cat":[520],"product_tag":[1436],"class_list":{"0":"post-770","1":"product","2":"type-product","3":"status-publish","4":"has-post-thumbnail","6":"product_cat-jo-malone","7":"product_tag-1436","9":"first","10":"instock","11":"shipping-taxable","12":"product-type-simple"},"_links":{"self":[{"href":"https:\/\/divainers.com\/et\/wp-json\/wp\/v2\/product\/770","targetHints":{"allow":["GET"]}}],"collection":[{"href":"https:\/\/divainers.com\/et\/wp-json\/wp\/v2\/product"}],"about":[{"href":"https:\/\/divainers.com\/et\/wp-json\/wp\/v2\/types\/product"}],"replies":[{"embeddable":true,"href":"https:\/\/divainers.com\/et\/wp-json\/wp\/v2\/comments?post=770"}],"wp:featuredmedia":[{"embeddable":true,"href":"https:\/\/divainers.com\/et\/wp-json\/wp\/v2\/media\/3004"}],"wp:attachment":[{"href":"https:\/\/divainers.com\/et\/wp-json\/wp\/v2\/media?parent=770"}],"wp:term":[{"taxonomy":"product_brand","embeddable":true,"href":"https:\/\/divainers.com\/et\/wp-json\/wp\/v2\/product_brand?post=770"},{"taxonomy":"product_cat","embeddable":true,"href":"https:\/\/divainers.com\/et\/wp-json\/wp\/v2\/product_cat?post=770"},{"taxonomy":"product_tag","embeddable":true,"href":"https:\/\/divainers.com\/et\/wp-json\/wp\/v2\/product_tag?post=770"}],"curies":[{"name":"wp","href":"https:\/\/api.w.org\/{rel}","templated":true}]}}