{"id":7796,"date":"2025-01-31T08:31:51","date_gmt":"2025-01-31T07:31:51","guid":{"rendered":"https:\/\/divainers.com\/producto\/divain-411\/"},"modified":"2026-04-30T09:47:55","modified_gmt":"2026-04-30T07:47:55","slug":"divain-411","status":"publish","type":"product","link":"https:\/\/divainers.com\/et\/producto\/divain-411\/","title":{"rendered":"divain.411"},"content":{"rendered":"<p>L\u00f5hn, mis tasakaalustab v\u00e4rskust ja s\u00fcgavust lummava aromaatsete ja vaiguliste nootide kombinatsiooniga. Avang on elav ja v\u00fcrtsikas, mentoolse puudutusega, mis annab v\u00e4rskendava ja ergutava tunde. Arenedes avaldub soe ja maal\u00e4hedane s\u00fcda, kus puidulised ja vaigulised noodid p\u00f5imuvad palsamiliste ja suitsuste akordidega. P\u00f5hi on rikkalik ja p\u00fcsiv, merevaigu ja naha nootidega, mis lisavad kestvat elegantsi. Ideaalne neile, kes otsivad keerukat ja \u00fcmbritsevat l\u00f5hna, kus v\u00e4rskuse ja soojuse vahel on p\u00f5nev kontrast.<\/p>\n","protected":false},"excerpt":{"rendered":"<p>Tuletab meelde Enclave&#8217;i Amouage&#8217;ilt<\/p>\n","protected":false},"featured_media":7795,"comment_status":"open","ping_status":"closed","template":"","meta":[],"product_brand":[],"product_cat":[1555],"product_tag":[1409],"class_list":{"0":"post-7796","1":"product","2":"type-product","3":"status-publish","4":"has-post-thumbnail","6":"product_cat-amouage","7":"product_tag-unisex","9":"first","10":"instock","11":"shipping-taxable","12":"product-type-simple"},"_links":{"self":[{"href":"https:\/\/divainers.com\/et\/wp-json\/wp\/v2\/product\/7796","targetHints":{"allow":["GET"]}}],"collection":[{"href":"https:\/\/divainers.com\/et\/wp-json\/wp\/v2\/product"}],"about":[{"href":"https:\/\/divainers.com\/et\/wp-json\/wp\/v2\/types\/product"}],"replies":[{"embeddable":true,"href":"https:\/\/divainers.com\/et\/wp-json\/wp\/v2\/comments?post=7796"}],"wp:featuredmedia":[{"embeddable":true,"href":"https:\/\/divainers.com\/et\/wp-json\/wp\/v2\/media\/7795"}],"wp:attachment":[{"href":"https:\/\/divainers.com\/et\/wp-json\/wp\/v2\/media?parent=7796"}],"wp:term":[{"taxonomy":"product_brand","embeddable":true,"href":"https:\/\/divainers.com\/et\/wp-json\/wp\/v2\/product_brand?post=7796"},{"taxonomy":"product_cat","embeddable":true,"href":"https:\/\/divainers.com\/et\/wp-json\/wp\/v2\/product_cat?post=7796"},{"taxonomy":"product_tag","embeddable":true,"href":"https:\/\/divainers.com\/et\/wp-json\/wp\/v2\/product_tag?post=7796"}],"curies":[{"name":"wp","href":"https:\/\/api.w.org\/{rel}","templated":true}]}}