{"id":7844,"date":"2025-01-31T08:31:51","date_gmt":"2025-01-31T07:31:51","guid":{"rendered":"https:\/\/divainers.com\/producto\/divain-153\/"},"modified":"2026-04-30T09:48:09","modified_gmt":"2026-04-30T07:48:09","slug":"divain-153","status":"publish","type":"product","link":"https:\/\/divainers.com\/et\/producto\/divain-153\/","title":{"rendered":"divain.153"},"content":{"rendered":"<p>Elegantne ja ajatu l\u00f5hn, mis \u00fcmbritseb meeli oma peene v\u00e4rskuse ja \u00f5rna naiselikkusega. Bergamoti ja mandariini tsitruseline algus toob esile s\u00e4rava ja elava tunde. S\u00fcdames avaneb peen freesia, kevadlille ja jasmiini kimp, mis loob puhta ja peenelt ahvatleva lillelise essentsi. P\u00f5hjas loovad valge muskus, merevaik ja sandlipuu pehme, sooja ja \u00fcmbritseva j\u00e4reltunni, mis sobib t\u00e4iuslikult rafineeritud, loomuliku naise jaoks, kellel on tagasihoidlik, kuid unustamatu v\u00f5lu.<\/p>\n","protected":false},"excerpt":{"rendered":"<p>Tuletab meelde Angel Schlesser Femme by Angel Schlesser<\/p>\n","protected":false},"featured_media":7838,"comment_status":"open","ping_status":"closed","template":"","meta":[],"product_brand":[],"product_cat":[1579],"product_tag":[1432],"class_list":{"0":"post-7844","1":"product","2":"type-product","3":"status-publish","4":"has-post-thumbnail","6":"product_cat-angel-schlesser","7":"product_tag-naised","9":"first","10":"instock","11":"shipping-taxable","12":"product-type-simple"},"_links":{"self":[{"href":"https:\/\/divainers.com\/et\/wp-json\/wp\/v2\/product\/7844","targetHints":{"allow":["GET"]}}],"collection":[{"href":"https:\/\/divainers.com\/et\/wp-json\/wp\/v2\/product"}],"about":[{"href":"https:\/\/divainers.com\/et\/wp-json\/wp\/v2\/types\/product"}],"replies":[{"embeddable":true,"href":"https:\/\/divainers.com\/et\/wp-json\/wp\/v2\/comments?post=7844"}],"wp:featuredmedia":[{"embeddable":true,"href":"https:\/\/divainers.com\/et\/wp-json\/wp\/v2\/media\/7838"}],"wp:attachment":[{"href":"https:\/\/divainers.com\/et\/wp-json\/wp\/v2\/media?parent=7844"}],"wp:term":[{"taxonomy":"product_brand","embeddable":true,"href":"https:\/\/divainers.com\/et\/wp-json\/wp\/v2\/product_brand?post=7844"},{"taxonomy":"product_cat","embeddable":true,"href":"https:\/\/divainers.com\/et\/wp-json\/wp\/v2\/product_cat?post=7844"},{"taxonomy":"product_tag","embeddable":true,"href":"https:\/\/divainers.com\/et\/wp-json\/wp\/v2\/product_tag?post=7844"}],"curies":[{"name":"wp","href":"https:\/\/api.w.org\/{rel}","templated":true}]}}