{"id":7885,"date":"2025-01-31T08:31:51","date_gmt":"2025-01-31T07:31:51","guid":{"rendered":"https:\/\/divainers.com\/producto\/divain-948\/"},"modified":"2026-04-30T09:48:24","modified_gmt":"2026-04-30T07:48:24","slug":"divain-948","status":"publish","type":"product","link":"https:\/\/divainers.com\/et\/producto\/divain-948\/","title":{"rendered":"divain.948"},"content":{"rendered":"<p>Pehme ja \u00fcmbritsev l\u00f5hn, mis tekitab kerge ja rahuliku tunde, nagu h\u00f5ljuksid pilvede vahel soojal p\u00e4eval. Avamises annavad lavendli ja pirni puuviljased noodid v\u00e4rskuse, mida pehmendab kreemjas kookose puudutus, lisades kerget ja l\u00f5\u00f5gastavat magusust. L\u00f5hna arenedes lisavad jasmiini ja kevadlille lillelised noodid \u00f5rna ja naiselikku elegantsi, luues eeterliku pehmuse, mis \u00fcmbritseb nahka. P\u00f5hjas, mida iseloomustavad muskus ja karamell, on soe ja lohutav alus, mis sulandub kergemate nootidega, j\u00e4ttes j\u00e4lje, mis on nii \u00fcmbritsev kui ka l\u00f5\u00f5gastav. See l\u00f5hn sobib ideaalselt neile, kes otsivad pehmet, magusat ja rahulikku l\u00f5hnaelamust, ideaalne igap\u00e4evaseks kandmiseks, edastades rahu ja v\u00e4rskuse tunnet.<\/p>\n","protected":false},"excerpt":{"rendered":"<p>Tuletab meelde Cloudi Ariana Grande&#8217;ilt<\/p>\n","protected":false},"featured_media":7880,"comment_status":"open","ping_status":"closed","template":"","meta":[],"product_brand":[],"product_cat":[1600],"product_tag":[1432],"class_list":{"0":"post-7885","1":"product","2":"type-product","3":"status-publish","4":"has-post-thumbnail","6":"product_cat-ariana-grande","7":"product_tag-naised","9":"first","10":"instock","11":"shipping-taxable","12":"product-type-simple"},"_links":{"self":[{"href":"https:\/\/divainers.com\/et\/wp-json\/wp\/v2\/product\/7885","targetHints":{"allow":["GET"]}}],"collection":[{"href":"https:\/\/divainers.com\/et\/wp-json\/wp\/v2\/product"}],"about":[{"href":"https:\/\/divainers.com\/et\/wp-json\/wp\/v2\/types\/product"}],"replies":[{"embeddable":true,"href":"https:\/\/divainers.com\/et\/wp-json\/wp\/v2\/comments?post=7885"}],"wp:featuredmedia":[{"embeddable":true,"href":"https:\/\/divainers.com\/et\/wp-json\/wp\/v2\/media\/7880"}],"wp:attachment":[{"href":"https:\/\/divainers.com\/et\/wp-json\/wp\/v2\/media?parent=7885"}],"wp:term":[{"taxonomy":"product_brand","embeddable":true,"href":"https:\/\/divainers.com\/et\/wp-json\/wp\/v2\/product_brand?post=7885"},{"taxonomy":"product_cat","embeddable":true,"href":"https:\/\/divainers.com\/et\/wp-json\/wp\/v2\/product_cat?post=7885"},{"taxonomy":"product_tag","embeddable":true,"href":"https:\/\/divainers.com\/et\/wp-json\/wp\/v2\/product_tag?post=7885"}],"curies":[{"name":"wp","href":"https:\/\/api.w.org\/{rel}","templated":true}]}}