{"id":7926,"date":"2025-01-31T08:31:51","date_gmt":"2025-01-31T07:31:51","guid":{"rendered":"https:\/\/divainers.com\/producto\/divain-457\/"},"modified":"2026-04-30T09:48:40","modified_gmt":"2026-04-30T07:48:40","slug":"divain-457","status":"publish","type":"product","link":"https:\/\/divainers.com\/et\/producto\/divain-457\/","title":{"rendered":"divain.457"},"content":{"rendered":"<p>Julge ja magnetiline l\u00f5hn, mis kiirgab elegantsi ja karakterit igas noodis. Avang on elav ja tsitruseline, sidruni, ananassi ja bergamoti plahvatusega, mis \u00e4ratab meeled intensiivse v\u00e4rskusega. S\u00fcdames annavad kask ja jasmiin s\u00fcgavuse ning peene suitsuse puudutuse, kutsudes esile rafineeritud ja enesekindla mehelikkuse. L\u00f5puks j\u00e4tab halli merevaigu, muskus ja pat\u0161uli \u00fcmbritsev baas kauakestva, v\u00f5rgutava ja v\u00f5imsa j\u00e4lje. Muljetavaldav ja peen l\u00f5hn, ideaalne neile, kes otsivad intensiivset, mitmek\u00fclgset ja \u00e4ratuntava kohalolekuga parf\u00fc\u00fcmi.<\/p>\n","protected":false},"excerpt":{"rendered":"<p>Tuletab meelde Club de Nuit Intense Man de Armaf<\/p>\n","protected":false},"featured_media":7922,"comment_status":"open","ping_status":"closed","template":"","meta":[],"product_brand":[],"product_cat":[1620],"product_tag":[1342],"class_list":{"0":"post-7926","1":"product","2":"type-product","3":"status-publish","4":"has-post-thumbnail","6":"product_cat-armaf","7":"product_tag-mehed","9":"first","10":"instock","11":"shipping-taxable","12":"product-type-simple"},"_links":{"self":[{"href":"https:\/\/divainers.com\/et\/wp-json\/wp\/v2\/product\/7926","targetHints":{"allow":["GET"]}}],"collection":[{"href":"https:\/\/divainers.com\/et\/wp-json\/wp\/v2\/product"}],"about":[{"href":"https:\/\/divainers.com\/et\/wp-json\/wp\/v2\/types\/product"}],"replies":[{"embeddable":true,"href":"https:\/\/divainers.com\/et\/wp-json\/wp\/v2\/comments?post=7926"}],"wp:featuredmedia":[{"embeddable":true,"href":"https:\/\/divainers.com\/et\/wp-json\/wp\/v2\/media\/7922"}],"wp:attachment":[{"href":"https:\/\/divainers.com\/et\/wp-json\/wp\/v2\/media?parent=7926"}],"wp:term":[{"taxonomy":"product_brand","embeddable":true,"href":"https:\/\/divainers.com\/et\/wp-json\/wp\/v2\/product_brand?post=7926"},{"taxonomy":"product_cat","embeddable":true,"href":"https:\/\/divainers.com\/et\/wp-json\/wp\/v2\/product_cat?post=7926"},{"taxonomy":"product_tag","embeddable":true,"href":"https:\/\/divainers.com\/et\/wp-json\/wp\/v2\/product_tag?post=7926"}],"curies":[{"name":"wp","href":"https:\/\/api.w.org\/{rel}","templated":true}]}}