{"id":7964,"date":"2025-01-31T08:31:51","date_gmt":"2025-01-31T07:31:51","guid":{"rendered":"https:\/\/divainers.com\/producto\/divain-890\/"},"modified":"2026-04-30T09:48:56","modified_gmt":"2026-04-30T07:48:56","slug":"divain-890","status":"publish","type":"product","link":"https:\/\/divainers.com\/et\/producto\/divain-890\/","title":{"rendered":"divain.890"},"content":{"rendered":"<p>Kujutage ette l\u00f5hna, mis \u00fcmbritseb teid soojas ja eksootilises atmosf\u00e4\u00e4ris, kus magusad ja v\u00fcrtsikad noodid p\u00f5imuvad v\u00e4\u00e4riskivide ja vanilliga. See essents algab mahlaka ploomi ja veidi kaneeli nootidega, mis annavad v\u00fcrtsika magususe. S\u00fcdames pakuvad heliotroop ja datlid pehmet lillelist ja puuviljast puudutust, samal ajal kui pat\u0161uli lisab maal\u00e4hedast s\u00fcgavust. Guajaakpuidu, sandlipuu ja vanilli baas loob sooja ja lohutava j\u00e4lje, mis kutsub esile idamaade kaubateede rikkuse. See kompositsioon pakub l\u00f5hnaelamust, mis \u00fchendab magusaid, v\u00fcrtsikaid ja puiduseid noote t\u00e4iuslikus harmoonias.<\/p>\n","protected":false},"excerpt":{"rendered":"<p>Tuletab meelde Rouge Sar\u00e2y by Atelier des Ors<\/p>\n","protected":false},"featured_media":7963,"comment_status":"open","ping_status":"closed","template":"","meta":[],"product_brand":[],"product_cat":[1639],"product_tag":[1409],"class_list":{"0":"post-7964","1":"product","2":"type-product","3":"status-publish","4":"has-post-thumbnail","6":"product_cat-atelier-des-ors","7":"product_tag-unisex","9":"first","10":"instock","11":"shipping-taxable","12":"product-type-simple"},"_links":{"self":[{"href":"https:\/\/divainers.com\/et\/wp-json\/wp\/v2\/product\/7964","targetHints":{"allow":["GET"]}}],"collection":[{"href":"https:\/\/divainers.com\/et\/wp-json\/wp\/v2\/product"}],"about":[{"href":"https:\/\/divainers.com\/et\/wp-json\/wp\/v2\/types\/product"}],"replies":[{"embeddable":true,"href":"https:\/\/divainers.com\/et\/wp-json\/wp\/v2\/comments?post=7964"}],"wp:featuredmedia":[{"embeddable":true,"href":"https:\/\/divainers.com\/et\/wp-json\/wp\/v2\/media\/7963"}],"wp:attachment":[{"href":"https:\/\/divainers.com\/et\/wp-json\/wp\/v2\/media?parent=7964"}],"wp:term":[{"taxonomy":"product_brand","embeddable":true,"href":"https:\/\/divainers.com\/et\/wp-json\/wp\/v2\/product_brand?post=7964"},{"taxonomy":"product_cat","embeddable":true,"href":"https:\/\/divainers.com\/et\/wp-json\/wp\/v2\/product_cat?post=7964"},{"taxonomy":"product_tag","embeddable":true,"href":"https:\/\/divainers.com\/et\/wp-json\/wp\/v2\/product_tag?post=7964"}],"curies":[{"name":"wp","href":"https:\/\/api.w.org\/{rel}","templated":true}]}}