{"id":8049,"date":"2025-01-31T08:31:52","date_gmt":"2025-01-31T07:31:52","guid":{"rendered":"https:\/\/divainers.com\/producto\/divain-240\/"},"modified":"2026-04-30T09:49:21","modified_gmt":"2026-04-30T07:49:21","slug":"divain-240","status":"publish","type":"product","link":"https:\/\/divainers.com\/et\/producto\/divain-240\/","title":{"rendered":"divain.240"},"content":{"rendered":"<p>Elav ja julge l\u00f5hn, loodud ekstravertsele ja energilisele mehele. Avamises puhkeb v\u00e4rskuse ja v\u00fcrtside plahvatus sidruni, ingveri ja m\u00fcndi nootidega, mis \u00e4ratavad meeled ja lisavad d\u00fcnaamikat. L\u00f5hna s\u00fcda on t\u00e4idetud sooja ja aromaatse lavendli puudutusega, mida t\u00e4iendavad kaneel ja kardemon, luues tasakaalu pehmuse ja intensiivsuse vahel. P\u00f5hjas m\u00e4hivad tonka, sandlipuu ja naha puidused ning palsamilised noodid nahka rafineerituse ja sensuaalsuse j\u00e4ljega. Ideaalne eriliseks s\u00fcndmuseks, see l\u00f5hn peegeldab julguse ja enesekindluse energiat, sobides neile, kes soovivad silma paista unustamatu kohalolekuga.<\/p>\n","protected":false},"excerpt":{"rendered":"<p>Tuletab meelde Azzaro Wanted by Azzaro<\/p>\n","protected":false},"featured_media":8048,"comment_status":"open","ping_status":"closed","template":"","meta":[],"product_brand":[],"product_cat":[1682],"product_tag":[1342],"class_list":{"0":"post-8049","1":"product","2":"type-product","3":"status-publish","4":"has-post-thumbnail","6":"product_cat-azzaro","7":"product_tag-mehed","9":"first","10":"instock","11":"shipping-taxable","12":"product-type-simple"},"_links":{"self":[{"href":"https:\/\/divainers.com\/et\/wp-json\/wp\/v2\/product\/8049","targetHints":{"allow":["GET"]}}],"collection":[{"href":"https:\/\/divainers.com\/et\/wp-json\/wp\/v2\/product"}],"about":[{"href":"https:\/\/divainers.com\/et\/wp-json\/wp\/v2\/types\/product"}],"replies":[{"embeddable":true,"href":"https:\/\/divainers.com\/et\/wp-json\/wp\/v2\/comments?post=8049"}],"wp:featuredmedia":[{"embeddable":true,"href":"https:\/\/divainers.com\/et\/wp-json\/wp\/v2\/media\/8048"}],"wp:attachment":[{"href":"https:\/\/divainers.com\/et\/wp-json\/wp\/v2\/media?parent=8049"}],"wp:term":[{"taxonomy":"product_brand","embeddable":true,"href":"https:\/\/divainers.com\/et\/wp-json\/wp\/v2\/product_brand?post=8049"},{"taxonomy":"product_cat","embeddable":true,"href":"https:\/\/divainers.com\/et\/wp-json\/wp\/v2\/product_cat?post=8049"},{"taxonomy":"product_tag","embeddable":true,"href":"https:\/\/divainers.com\/et\/wp-json\/wp\/v2\/product_tag?post=8049"}],"curies":[{"name":"wp","href":"https:\/\/api.w.org\/{rel}","templated":true}]}}