{"id":808,"date":"2025-01-31T08:32:48","date_gmt":"2025-01-31T07:32:48","guid":{"rendered":"https:\/\/divainers.com\/producto\/divain-384\/"},"modified":"2026-03-16T16:07:53","modified_gmt":"2026-03-16T15:07:53","slug":"divain-384","status":"publish","type":"product","link":"https:\/\/divainers.com\/et\/producto\/divain-384\/","title":{"rendered":"divain.384"},"content":{"rendered":"<p>Una fragancia marina y amaderada que evoca la frescura del oc\u00e9ano con un toque especiado. La combinaci\u00f3n de notas saladas, un acorde de cuero suave y maderas c\u00e1lidas crea un aroma intenso y moderno, ideal para quienes buscan frescura con profundidad.<\/p>\n","protected":false},"excerpt":{"rendered":"<p>Recuerda a Kenzo Homme Eau De Toilette Intense de Kenzo<\/p>\n","protected":false},"featured_media":4447,"comment_status":"open","ping_status":"closed","template":"","meta":[],"product_brand":[],"product_cat":[575],"product_tag":[1346],"class_list":{"0":"post-808","1":"product","2":"type-product","3":"status-publish","4":"has-post-thumbnail","6":"product_cat-kenzo","7":"product_tag-men","9":"first","10":"instock","11":"shipping-taxable","12":"product-type-simple"},"_links":{"self":[{"href":"https:\/\/divainers.com\/et\/wp-json\/wp\/v2\/product\/808","targetHints":{"allow":["GET"]}}],"collection":[{"href":"https:\/\/divainers.com\/et\/wp-json\/wp\/v2\/product"}],"about":[{"href":"https:\/\/divainers.com\/et\/wp-json\/wp\/v2\/types\/product"}],"replies":[{"embeddable":true,"href":"https:\/\/divainers.com\/et\/wp-json\/wp\/v2\/comments?post=808"}],"wp:featuredmedia":[{"embeddable":true,"href":"https:\/\/divainers.com\/et\/wp-json\/wp\/v2\/media\/4447"}],"wp:attachment":[{"href":"https:\/\/divainers.com\/et\/wp-json\/wp\/v2\/media?parent=808"}],"wp:term":[{"taxonomy":"product_brand","embeddable":true,"href":"https:\/\/divainers.com\/et\/wp-json\/wp\/v2\/product_brand?post=808"},{"taxonomy":"product_cat","embeddable":true,"href":"https:\/\/divainers.com\/et\/wp-json\/wp\/v2\/product_cat?post=808"},{"taxonomy":"product_tag","embeddable":true,"href":"https:\/\/divainers.com\/et\/wp-json\/wp\/v2\/product_tag?post=808"}],"curies":[{"name":"wp","href":"https:\/\/api.w.org\/{rel}","templated":true}]}}