{"id":8090,"date":"2025-01-31T08:31:53","date_gmt":"2025-01-31T07:31:53","guid":{"rendered":"https:\/\/divainers.com\/producto\/divain-715\/"},"modified":"2026-04-30T09:49:31","modified_gmt":"2026-04-30T07:49:31","slug":"divain-715","status":"publish","type":"product","link":"https:\/\/divainers.com\/et\/producto\/divain-715\/","title":{"rendered":"divain.715"},"content":{"rendered":"<p>See on v\u00e4rske ja modernne lilleline l\u00f5hn, mida iseloomustab kontrast roheliste ja lilleliste nootide vahel. Avang on v\u00e4rske ja kerge piparm\u00fcndi puudutusega, mis sulandub s\u00fcdames roosi ja nelgiga, luues tunde v\u00e4rskest ja \u00fcmbritsevast aasataimest. L\u00f5hna arenedes lisavad baasinoodid, nagu merevaik ja vetiver, maal\u00e4hedast ja rafineeritud s\u00fcgavust, tasakaalustades lillede v\u00e4rskust. See on elegantne ja kaasaegne l\u00f5hn, ideaalne neile, kes otsivad midagi naiselikku, kuid julge ja moodsa nootiga.<\/p>\n","protected":false},"excerpt":{"rendered":"<p>Tuletab meelde Florabotanica Balenciaga poolt<\/p>\n","protected":false},"featured_media":8089,"comment_status":"open","ping_status":"closed","template":"","meta":[],"product_brand":[],"product_cat":[1702],"product_tag":[1432],"class_list":{"0":"post-8090","1":"product","2":"type-product","3":"status-publish","4":"has-post-thumbnail","6":"product_cat-balenciaga","7":"product_tag-naised","9":"first","10":"instock","11":"shipping-taxable","12":"product-type-simple"},"_links":{"self":[{"href":"https:\/\/divainers.com\/et\/wp-json\/wp\/v2\/product\/8090","targetHints":{"allow":["GET"]}}],"collection":[{"href":"https:\/\/divainers.com\/et\/wp-json\/wp\/v2\/product"}],"about":[{"href":"https:\/\/divainers.com\/et\/wp-json\/wp\/v2\/types\/product"}],"replies":[{"embeddable":true,"href":"https:\/\/divainers.com\/et\/wp-json\/wp\/v2\/comments?post=8090"}],"wp:featuredmedia":[{"embeddable":true,"href":"https:\/\/divainers.com\/et\/wp-json\/wp\/v2\/media\/8089"}],"wp:attachment":[{"href":"https:\/\/divainers.com\/et\/wp-json\/wp\/v2\/media?parent=8090"}],"wp:term":[{"taxonomy":"product_brand","embeddable":true,"href":"https:\/\/divainers.com\/et\/wp-json\/wp\/v2\/product_brand?post=8090"},{"taxonomy":"product_cat","embeddable":true,"href":"https:\/\/divainers.com\/et\/wp-json\/wp\/v2\/product_cat?post=8090"},{"taxonomy":"product_tag","embeddable":true,"href":"https:\/\/divainers.com\/et\/wp-json\/wp\/v2\/product_tag?post=8090"}],"curies":[{"name":"wp","href":"https:\/\/api.w.org\/{rel}","templated":true}]}}