{"id":8134,"date":"2025-01-31T08:31:53","date_gmt":"2025-01-31T07:31:53","guid":{"rendered":"https:\/\/divainers.com\/producto\/divain-412\/"},"modified":"2026-04-30T09:49:41","modified_gmt":"2026-04-30T07:49:41","slug":"divain-412","status":"publish","type":"product","link":"https:\/\/divainers.com\/et\/producto\/divain-412\/","title":{"rendered":"divain.412"},"content":{"rendered":"<p>Luksuslik ja s\u00f5ltuvust tekitav l\u00f5hn, mis \u00fchendab tubaka v\u00fcrtsise sooja noodi roosi sametise sensuaalsusega. Algusest peale \u00fcmbritsevad v\u00fcrtsikad ja magusad noodid meeli, luues intensiivse ja kaasahaarava tunde. S\u00fcdames avaneb roos s\u00fcgava ja veidi tumeda karakteriga, mida saadavad merevaigu ja vaigulised varjundid, r\u00f5hutades selle rikkust. P\u00f5hi on tihe ja ahvatlev, kakaod, muskusit ja kreemjaid puid sisaldavate akordidega, mis j\u00e4tavad rafineeritud ja p\u00fcsiva j\u00e4lje. Ideaalne neile, kes otsivad julget, elegantset ja iseloomukat l\u00f5hna.<\/p>\n","protected":false},"excerpt":{"rendered":"<p>Tuletab meelde Tabac Rose&#8217;i BDK Parfumsilt<\/p>\n","protected":false},"featured_media":8129,"comment_status":"open","ping_status":"closed","template":"","meta":[],"product_brand":[],"product_cat":[1724],"product_tag":[1409],"class_list":{"0":"post-8134","1":"product","2":"type-product","3":"status-publish","4":"has-post-thumbnail","6":"product_cat-bdk-parfums","7":"product_tag-unisex","9":"first","10":"instock","11":"shipping-taxable","12":"product-type-simple"},"_links":{"self":[{"href":"https:\/\/divainers.com\/et\/wp-json\/wp\/v2\/product\/8134","targetHints":{"allow":["GET"]}}],"collection":[{"href":"https:\/\/divainers.com\/et\/wp-json\/wp\/v2\/product"}],"about":[{"href":"https:\/\/divainers.com\/et\/wp-json\/wp\/v2\/types\/product"}],"replies":[{"embeddable":true,"href":"https:\/\/divainers.com\/et\/wp-json\/wp\/v2\/comments?post=8134"}],"wp:featuredmedia":[{"embeddable":true,"href":"https:\/\/divainers.com\/et\/wp-json\/wp\/v2\/media\/8129"}],"wp:attachment":[{"href":"https:\/\/divainers.com\/et\/wp-json\/wp\/v2\/media?parent=8134"}],"wp:term":[{"taxonomy":"product_brand","embeddable":true,"href":"https:\/\/divainers.com\/et\/wp-json\/wp\/v2\/product_brand?post=8134"},{"taxonomy":"product_cat","embeddable":true,"href":"https:\/\/divainers.com\/et\/wp-json\/wp\/v2\/product_cat?post=8134"},{"taxonomy":"product_tag","embeddable":true,"href":"https:\/\/divainers.com\/et\/wp-json\/wp\/v2\/product_tag?post=8134"}],"curies":[{"name":"wp","href":"https:\/\/api.w.org\/{rel}","templated":true}]}}