{"id":8177,"date":"2025-01-31T08:33:36","date_gmt":"2025-01-31T07:33:36","guid":{"rendered":"https:\/\/divainers.com\/producto\/divain-077\/"},"modified":"2026-04-30T09:49:50","modified_gmt":"2026-04-30T07:49:50","slug":"divain-077","status":"publish","type":"product","link":"https:\/\/divainers.com\/et\/producto\/divain-077\/","title":{"rendered":"divain.077"},"content":{"rendered":"<p>Nooruslik ja elav l\u00f5hn, mis tabab r\u00f5\u00f5mu ja spontaansust igas noodis. Selle s\u00e4rav avang virsiku, aprikoosi ja musts\u00f5stra noodiga toob esile puuviljase ja helge magususe. S\u00fcdames m\u00e4hivad freesia, violett ja orhidee l\u00f5hna \u00f5rnasse ja romantilisse naiselikkusse. P\u00f5hjas loovad sandlipuu, vanilje ja muskus sooja ja kutsuva j\u00e4lje, mis sobib l\u00f5busa, vaba ja energilise vaimuga naise jaoks.<\/p>\n","protected":false},"excerpt":{"rendered":"<p>Tuletab meelde Red Jeans Versace poolt<\/p>\n","protected":false},"featured_media":8173,"comment_status":"open","ping_status":"closed","template":"","meta":[],"product_brand":[],"product_cat":[1745],"product_tag":[1432],"class_list":{"0":"post-8177","1":"product","2":"type-product","3":"status-publish","4":"has-post-thumbnail","6":"product_cat-versace","7":"product_tag-naised","9":"first","10":"instock","11":"shipping-taxable","12":"product-type-simple"},"_links":{"self":[{"href":"https:\/\/divainers.com\/et\/wp-json\/wp\/v2\/product\/8177","targetHints":{"allow":["GET"]}}],"collection":[{"href":"https:\/\/divainers.com\/et\/wp-json\/wp\/v2\/product"}],"about":[{"href":"https:\/\/divainers.com\/et\/wp-json\/wp\/v2\/types\/product"}],"replies":[{"embeddable":true,"href":"https:\/\/divainers.com\/et\/wp-json\/wp\/v2\/comments?post=8177"}],"wp:featuredmedia":[{"embeddable":true,"href":"https:\/\/divainers.com\/et\/wp-json\/wp\/v2\/media\/8173"}],"wp:attachment":[{"href":"https:\/\/divainers.com\/et\/wp-json\/wp\/v2\/media?parent=8177"}],"wp:term":[{"taxonomy":"product_brand","embeddable":true,"href":"https:\/\/divainers.com\/et\/wp-json\/wp\/v2\/product_brand?post=8177"},{"taxonomy":"product_cat","embeddable":true,"href":"https:\/\/divainers.com\/et\/wp-json\/wp\/v2\/product_cat?post=8177"},{"taxonomy":"product_tag","embeddable":true,"href":"https:\/\/divainers.com\/et\/wp-json\/wp\/v2\/product_tag?post=8177"}],"curies":[{"name":"wp","href":"https:\/\/api.w.org\/{rel}","templated":true}]}}