{"id":8216,"date":"2025-01-31T08:31:53","date_gmt":"2025-01-31T07:31:53","guid":{"rendered":"https:\/\/divainers.com\/producto\/divain-447\/"},"modified":"2026-04-30T09:49:59","modified_gmt":"2026-04-30T07:49:59","slug":"divain-447","status":"publish","type":"product","link":"https:\/\/divainers.com\/et\/producto\/divain-447\/","title":{"rendered":"divain.447"},"content":{"rendered":"<p>Majesteetlik ja v\u00f5imas l\u00f5hn, mis kiirgab enesekindlust ja rafineeritust igas noodis. Avang on elav ja v\u00fcrtsikas, bergamoti ja pipra plahvatusega, mis \u00e4ratab meeled energiat ja elegantsi t\u00e4is. S\u00fcdames sulanduvad merevaik ja lavendel v\u00e4\u00e4rismetallidega, lisades s\u00fcgavust ja v\u00e4\u00e4rikust. L\u00f5puks j\u00e4tab soe baas vanilli, muskus ja oudiga \u00fcmbristava, intensiivse ja ahvatleva j\u00e4lje. Julge ja magnetiline parf\u00fc\u00fcm, ideaalne neile, kes otsivad l\u00f5hna iseloomu, kohaloleku ja muljetavaldava elegantsiga.<\/p>\n","protected":false},"excerpt":{"rendered":"<p>Tuletab meelde Kingi br\u00e4ndilt Bharara<\/p>\n","protected":false},"featured_media":8214,"comment_status":"open","ping_status":"closed","template":"","meta":[],"product_brand":[],"product_cat":[1764],"product_tag":[1342],"class_list":{"0":"post-8216","1":"product","2":"type-product","3":"status-publish","4":"has-post-thumbnail","6":"product_cat-bharara","7":"product_tag-mehed","9":"first","10":"instock","11":"shipping-taxable","12":"product-type-simple"},"_links":{"self":[{"href":"https:\/\/divainers.com\/et\/wp-json\/wp\/v2\/product\/8216","targetHints":{"allow":["GET"]}}],"collection":[{"href":"https:\/\/divainers.com\/et\/wp-json\/wp\/v2\/product"}],"about":[{"href":"https:\/\/divainers.com\/et\/wp-json\/wp\/v2\/types\/product"}],"replies":[{"embeddable":true,"href":"https:\/\/divainers.com\/et\/wp-json\/wp\/v2\/comments?post=8216"}],"wp:featuredmedia":[{"embeddable":true,"href":"https:\/\/divainers.com\/et\/wp-json\/wp\/v2\/media\/8214"}],"wp:attachment":[{"href":"https:\/\/divainers.com\/et\/wp-json\/wp\/v2\/media?parent=8216"}],"wp:term":[{"taxonomy":"product_brand","embeddable":true,"href":"https:\/\/divainers.com\/et\/wp-json\/wp\/v2\/product_brand?post=8216"},{"taxonomy":"product_cat","embeddable":true,"href":"https:\/\/divainers.com\/et\/wp-json\/wp\/v2\/product_cat?post=8216"},{"taxonomy":"product_tag","embeddable":true,"href":"https:\/\/divainers.com\/et\/wp-json\/wp\/v2\/product_tag?post=8216"}],"curies":[{"name":"wp","href":"https:\/\/api.w.org\/{rel}","templated":true}]}}