{"id":8302,"date":"2025-01-31T08:31:53","date_gmt":"2025-01-31T07:31:53","guid":{"rendered":"https:\/\/divainers.com\/producto\/divain-668\/"},"modified":"2026-04-30T09:50:34","modified_gmt":"2026-04-30T07:50:34","slug":"divain-668","status":"publish","type":"product","link":"https:\/\/divainers.com\/et\/producto\/divain-668\/","title":{"rendered":"divain.668"},"content":{"rendered":"<p>Peen ja lummav l\u00f5hn, mis kiirgab elegantsi ja m\u00fcstikat. Avamises avaneb v\u00e4rske ja tsitruseline segu, mis sulandub mere\u00e4\u00e4rsete nootidega, tuletades meelde jahedat ookeanituult. Kui l\u00f5hn areneb, paljastab s\u00fcda lillelise ja puuviljase akordi, kus eksootiliste puuviljade magusus p\u00f5imub \u00f5rnade lillede pehmusega, luues \u00fcmbritseva ja naiseliku tunde. P\u00f5hjaks on s\u00fcgav ja sofistikeeritud kooslus v\u00e4\u00e4rispuitudest ning peenest muskusel\u00f5hnast, mis j\u00e4tab sooja ja v\u00f5rgutava j\u00e4lje. See on ideaalne l\u00f5hn neile, kes otsivad peent ja iseloomuga parf\u00fc\u00fcmi, t\u00e4iuslik naisele, kes soovib kiirgada luksust, j\u00f5udu ja enesekindlust.<\/p>\n","protected":false},"excerpt":{"rendered":"<p>Tuletab meelde Blue Sapphire&#8217;i Boadicea The Victoriousilt<\/p>\n","protected":false},"featured_media":8299,"comment_status":"open","ping_status":"closed","template":"","meta":[],"product_brand":[],"product_cat":[1808],"product_tag":[1409],"class_list":{"0":"post-8302","1":"product","2":"type-product","3":"status-publish","4":"has-post-thumbnail","6":"product_cat-boadicea-the-victorious","7":"product_tag-unisex","9":"first","10":"instock","11":"shipping-taxable","12":"product-type-simple"},"_links":{"self":[{"href":"https:\/\/divainers.com\/et\/wp-json\/wp\/v2\/product\/8302","targetHints":{"allow":["GET"]}}],"collection":[{"href":"https:\/\/divainers.com\/et\/wp-json\/wp\/v2\/product"}],"about":[{"href":"https:\/\/divainers.com\/et\/wp-json\/wp\/v2\/types\/product"}],"replies":[{"embeddable":true,"href":"https:\/\/divainers.com\/et\/wp-json\/wp\/v2\/comments?post=8302"}],"wp:featuredmedia":[{"embeddable":true,"href":"https:\/\/divainers.com\/et\/wp-json\/wp\/v2\/media\/8299"}],"wp:attachment":[{"href":"https:\/\/divainers.com\/et\/wp-json\/wp\/v2\/media?parent=8302"}],"wp:term":[{"taxonomy":"product_brand","embeddable":true,"href":"https:\/\/divainers.com\/et\/wp-json\/wp\/v2\/product_brand?post=8302"},{"taxonomy":"product_cat","embeddable":true,"href":"https:\/\/divainers.com\/et\/wp-json\/wp\/v2\/product_cat?post=8302"},{"taxonomy":"product_tag","embeddable":true,"href":"https:\/\/divainers.com\/et\/wp-json\/wp\/v2\/product_tag?post=8302"}],"curies":[{"name":"wp","href":"https:\/\/api.w.org\/{rel}","templated":true}]}}