{"id":8342,"date":"2025-01-31T08:31:53","date_gmt":"2025-01-31T07:31:53","guid":{"rendered":"https:\/\/divainers.com\/producto\/divain-452\/"},"modified":"2026-04-30T09:50:44","modified_gmt":"2026-04-30T07:50:44","slug":"divain-452","status":"publish","type":"product","link":"https:\/\/divainers.com\/et\/producto\/divain-452\/","title":{"rendered":"divain.452"},"content":{"rendered":"<p>Elav ja peen l\u00f5hn, mis tabab linna d\u00fcnaamilist energiat v\u00e4rskuse ja vastupandamatu soojuse nootidega. Avang on hele ja mahlane, musts\u00f5stra ning mustikate plahvatusega, mida r\u00f5hutab roheline ja v\u00fcrtsikas nood, mis \u00e4ratab meeled. S\u00fcdames annavad violett ja kaneel s\u00fcgavust ning rafineeritust, samal ajal kui baasiks olev merevaik, vanill ja v\u00e4\u00e4rispuit \u00fcmbritsevad nahka k\u00fctkestava, kreemja ja v\u00f5rgutava j\u00e4rellainetusega. Moodne ja mitmek\u00fclgne parf\u00fc\u00fcm, ideaalne neile, kes otsivad ainulaadset, peent ja \u00e4ratuntava kohalolekuga l\u00f5hna.<\/p>\n","protected":false},"excerpt":{"rendered":"<p>Tuletab meelde Bleecker Streeti Bond No 9-lt<\/p>\n","protected":false},"featured_media":8340,"comment_status":"open","ping_status":"closed","template":"","meta":[],"product_brand":[],"product_cat":[1823],"product_tag":[1409],"class_list":{"0":"post-8342","1":"product","2":"type-product","3":"status-publish","4":"has-post-thumbnail","6":"product_cat-bond-no-9","7":"product_tag-unisex","9":"first","10":"instock","11":"shipping-taxable","12":"product-type-simple"},"_links":{"self":[{"href":"https:\/\/divainers.com\/et\/wp-json\/wp\/v2\/product\/8342","targetHints":{"allow":["GET"]}}],"collection":[{"href":"https:\/\/divainers.com\/et\/wp-json\/wp\/v2\/product"}],"about":[{"href":"https:\/\/divainers.com\/et\/wp-json\/wp\/v2\/types\/product"}],"replies":[{"embeddable":true,"href":"https:\/\/divainers.com\/et\/wp-json\/wp\/v2\/comments?post=8342"}],"wp:featuredmedia":[{"embeddable":true,"href":"https:\/\/divainers.com\/et\/wp-json\/wp\/v2\/media\/8340"}],"wp:attachment":[{"href":"https:\/\/divainers.com\/et\/wp-json\/wp\/v2\/media?parent=8342"}],"wp:term":[{"taxonomy":"product_brand","embeddable":true,"href":"https:\/\/divainers.com\/et\/wp-json\/wp\/v2\/product_brand?post=8342"},{"taxonomy":"product_cat","embeddable":true,"href":"https:\/\/divainers.com\/et\/wp-json\/wp\/v2\/product_cat?post=8342"},{"taxonomy":"product_tag","embeddable":true,"href":"https:\/\/divainers.com\/et\/wp-json\/wp\/v2\/product_tag?post=8342"}],"curies":[{"name":"wp","href":"https:\/\/api.w.org\/{rel}","templated":true}]}}