{"id":8429,"date":"2025-01-31T08:31:53","date_gmt":"2025-01-31T07:31:53","guid":{"rendered":"https:\/\/divainers.com\/producto\/divain-518\/"},"modified":"2026-04-30T09:51:09","modified_gmt":"2026-04-30T07:51:09","slug":"divain-518","status":"publish","type":"product","link":"https:\/\/divainers.com\/et\/producto\/divain-518\/","title":{"rendered":"divain.518"},"content":{"rendered":"<p>Eksootiline ja \u00fcmbritsev l\u00f5hn, mis viib sind meelelistele r\u00e4nnakutele t\u00e4is soojust ja rafineeritust. Avatuna \u00e4ratab kaneeli ja bergamoti v\u00fcrtsikas magusus meeled soojalt ja s\u00e4ravalt. S\u00fcdames sulandub elegantne jasmiini ja roosi kimp ylang-ylangi nootidega, lisades rikkaliku ja ahvatleva naiselikkuse. L\u00f5puks j\u00e4tab vanilli, bensoe ja merevaigu baas kreemja, \u00fcmbritseva ja s\u00fcgavalt sensuaalse j\u00e4rell\u00f5hna. Luksuslik ja magnetiline parf\u00fc\u00fcm, ideaalne neile, kes otsivad idamaist, sooja ja rafineeritud ning unustamatut l\u00f5hna.<\/p>\n","protected":false},"excerpt":{"rendered":"<p>Tuletab meelde Jaipur Boucheronilt<\/p>\n","protected":false},"featured_media":8424,"comment_status":"open","ping_status":"closed","template":"","meta":[],"product_brand":[],"product_cat":[1871],"product_tag":[1432],"class_list":{"0":"post-8429","1":"product","2":"type-product","3":"status-publish","4":"has-post-thumbnail","6":"product_cat-boucheron","7":"product_tag-naised","9":"first","10":"instock","11":"shipping-taxable","12":"product-type-simple"},"_links":{"self":[{"href":"https:\/\/divainers.com\/et\/wp-json\/wp\/v2\/product\/8429","targetHints":{"allow":["GET"]}}],"collection":[{"href":"https:\/\/divainers.com\/et\/wp-json\/wp\/v2\/product"}],"about":[{"href":"https:\/\/divainers.com\/et\/wp-json\/wp\/v2\/types\/product"}],"replies":[{"embeddable":true,"href":"https:\/\/divainers.com\/et\/wp-json\/wp\/v2\/comments?post=8429"}],"wp:featuredmedia":[{"embeddable":true,"href":"https:\/\/divainers.com\/et\/wp-json\/wp\/v2\/media\/8424"}],"wp:attachment":[{"href":"https:\/\/divainers.com\/et\/wp-json\/wp\/v2\/media?parent=8429"}],"wp:term":[{"taxonomy":"product_brand","embeddable":true,"href":"https:\/\/divainers.com\/et\/wp-json\/wp\/v2\/product_brand?post=8429"},{"taxonomy":"product_cat","embeddable":true,"href":"https:\/\/divainers.com\/et\/wp-json\/wp\/v2\/product_cat?post=8429"},{"taxonomy":"product_tag","embeddable":true,"href":"https:\/\/divainers.com\/et\/wp-json\/wp\/v2\/product_tag?post=8429"}],"curies":[{"name":"wp","href":"https:\/\/api.w.org\/{rel}","templated":true}]}}