{"id":8470,"date":"2025-01-31T08:31:54","date_gmt":"2025-01-31T07:31:54","guid":{"rendered":"https:\/\/divainers.com\/producto\/divain-060\/"},"modified":"2026-04-30T09:51:19","modified_gmt":"2026-04-30T07:51:19","slug":"divain-060","status":"publish","type":"product","link":"https:\/\/divainers.com\/et\/producto\/divain-060\/","title":{"rendered":"divain.060"},"content":{"rendered":"<p>Magus ja lummav l\u00f5hn, mis kutsub esile fantaasia ja romantika maailma. Selle s\u00e4rav avapois kiivi, punase liitschi ja virsiku noodid annavad puuviljase ja mahlaka puudutuse. S\u00fcdames loovad jasmiin ja valge \u0161okolaad s\u00f5ltuvust tekitava ja ahvatleva kombinatsiooni. P\u00f5hjas m\u00e4hivad vanilje, muskus ja kreemised puidunoodid l\u00f5hna sooja ja k\u00fctkestava j\u00e4ljega. T\u00e4iuslik unistava, flirtiva naise jaoks, kellel on maagiline ja vastupandamatu vaim.<\/p>\n","protected":false},"excerpt":{"rendered":"<p>Tuletab meelde Fantasy Britney Spearsilt<\/p>\n","protected":false},"featured_media":8467,"comment_status":"open","ping_status":"closed","template":"","meta":[],"product_brand":[],"product_cat":[1891],"product_tag":[1432],"class_list":{"0":"post-8470","1":"product","2":"type-product","3":"status-publish","4":"has-post-thumbnail","6":"product_cat-britney-spears","7":"product_tag-naised","9":"first","10":"instock","11":"shipping-taxable","12":"product-type-simple"},"_links":{"self":[{"href":"https:\/\/divainers.com\/et\/wp-json\/wp\/v2\/product\/8470","targetHints":{"allow":["GET"]}}],"collection":[{"href":"https:\/\/divainers.com\/et\/wp-json\/wp\/v2\/product"}],"about":[{"href":"https:\/\/divainers.com\/et\/wp-json\/wp\/v2\/types\/product"}],"replies":[{"embeddable":true,"href":"https:\/\/divainers.com\/et\/wp-json\/wp\/v2\/comments?post=8470"}],"wp:featuredmedia":[{"embeddable":true,"href":"https:\/\/divainers.com\/et\/wp-json\/wp\/v2\/media\/8467"}],"wp:attachment":[{"href":"https:\/\/divainers.com\/et\/wp-json\/wp\/v2\/media?parent=8470"}],"wp:term":[{"taxonomy":"product_brand","embeddable":true,"href":"https:\/\/divainers.com\/et\/wp-json\/wp\/v2\/product_brand?post=8470"},{"taxonomy":"product_cat","embeddable":true,"href":"https:\/\/divainers.com\/et\/wp-json\/wp\/v2\/product_cat?post=8470"},{"taxonomy":"product_tag","embeddable":true,"href":"https:\/\/divainers.com\/et\/wp-json\/wp\/v2\/product_tag?post=8470"}],"curies":[{"name":"wp","href":"https:\/\/api.w.org\/{rel}","templated":true}]}}