{"id":8513,"date":"2025-01-31T08:31:54","date_gmt":"2025-01-31T07:31:54","guid":{"rendered":"https:\/\/divainers.com\/producto\/divain-137\/"},"modified":"2026-04-30T09:51:30","modified_gmt":"2026-04-30T07:51:30","slug":"divain-137","status":"publish","type":"product","link":"https:\/\/divainers.com\/et\/producto\/divain-137\/","title":{"rendered":"divain.137"},"content":{"rendered":"<p>Soe ja elegantne l\u00f5hn, mis \u00fcmbritseb meeli oma peene sensuaalsusega. Puuviljane algus virsiku, pirni ja musts\u00f5straga toob mahlaka ja s\u00e4rava magususe. S\u00fcdames loovad jasmiin ja sandlipuu pehme ja rafineeritud kombinatsiooni, mis r\u00f5hutab naiselikkust k\u00fctkestava puudutusega. P\u00f5hjas j\u00e4tavad vanill ja valge muskus sooja ja lohutava j\u00e4lje, mis sobib ideaalselt klassikalisele, rafineeritud naisele, kellel on ajatu v\u00f5lu ja kes j\u00e4tab unustamatu mulje.<\/p>\n","protected":false},"excerpt":{"rendered":"<p>Tuletab meelde Burberry Women Burberrylt<\/p>\n","protected":false},"featured_media":8509,"comment_status":"open","ping_status":"closed","template":"","meta":[],"product_brand":[],"product_cat":[1912],"product_tag":[1432],"class_list":{"0":"post-8513","1":"product","2":"type-product","3":"status-publish","4":"has-post-thumbnail","6":"product_cat-burberry","7":"product_tag-naised","9":"first","10":"instock","11":"shipping-taxable","12":"product-type-simple"},"_links":{"self":[{"href":"https:\/\/divainers.com\/et\/wp-json\/wp\/v2\/product\/8513","targetHints":{"allow":["GET"]}}],"collection":[{"href":"https:\/\/divainers.com\/et\/wp-json\/wp\/v2\/product"}],"about":[{"href":"https:\/\/divainers.com\/et\/wp-json\/wp\/v2\/types\/product"}],"replies":[{"embeddable":true,"href":"https:\/\/divainers.com\/et\/wp-json\/wp\/v2\/comments?post=8513"}],"wp:featuredmedia":[{"embeddable":true,"href":"https:\/\/divainers.com\/et\/wp-json\/wp\/v2\/media\/8509"}],"wp:attachment":[{"href":"https:\/\/divainers.com\/et\/wp-json\/wp\/v2\/media?parent=8513"}],"wp:term":[{"taxonomy":"product_brand","embeddable":true,"href":"https:\/\/divainers.com\/et\/wp-json\/wp\/v2\/product_brand?post=8513"},{"taxonomy":"product_cat","embeddable":true,"href":"https:\/\/divainers.com\/et\/wp-json\/wp\/v2\/product_cat?post=8513"},{"taxonomy":"product_tag","embeddable":true,"href":"https:\/\/divainers.com\/et\/wp-json\/wp\/v2\/product_tag?post=8513"}],"curies":[{"name":"wp","href":"https:\/\/api.w.org\/{rel}","templated":true}]}}