{"id":8552,"date":"2025-06-02T11:17:25","date_gmt":"2025-06-02T09:17:25","guid":{"rendered":"https:\/\/divainers.com\/producto\/divain-469\/"},"modified":"2026-04-30T09:51:43","modified_gmt":"2026-04-30T07:51:43","slug":"divain-469","status":"publish","type":"product","link":"https:\/\/divainers.com\/et\/producto\/divain-469\/","title":{"rendered":"divain.469"},"content":{"rendered":"<p>Intensiivne ja peene iseloomuga l\u00f5hn, mis \u00fchendab v\u00fcrtsika sooja s\u00fcgava ja elegantse karakteriga. Selle magnetiline ja \u00fcmbritsev kohalolek teeb selle ideaalseks neile, kes otsivad eristuvat olemust, mis peegeldab j\u00f5udu ja karismat.<\/p>\n","protected":false},"excerpt":{"rendered":"<p>Tuletab meelde Bvlgari Manin Black de Bvlgari<\/p>\n","protected":false},"featured_media":3860,"comment_status":"closed","ping_status":"closed","template":"","meta":[],"product_brand":[],"product_cat":[1931],"product_tag":[1342],"class_list":{"0":"post-8552","1":"product","2":"type-product","3":"status-publish","4":"has-post-thumbnail","6":"product_cat-bvlgari","7":"product_tag-mehed","9":"first","10":"instock","11":"shipping-taxable","12":"product-type-simple"},"_links":{"self":[{"href":"https:\/\/divainers.com\/et\/wp-json\/wp\/v2\/product\/8552","targetHints":{"allow":["GET"]}}],"collection":[{"href":"https:\/\/divainers.com\/et\/wp-json\/wp\/v2\/product"}],"about":[{"href":"https:\/\/divainers.com\/et\/wp-json\/wp\/v2\/types\/product"}],"replies":[{"embeddable":true,"href":"https:\/\/divainers.com\/et\/wp-json\/wp\/v2\/comments?post=8552"}],"wp:featuredmedia":[{"embeddable":true,"href":"https:\/\/divainers.com\/et\/wp-json\/wp\/v2\/media\/3860"}],"wp:attachment":[{"href":"https:\/\/divainers.com\/et\/wp-json\/wp\/v2\/media?parent=8552"}],"wp:term":[{"taxonomy":"product_brand","embeddable":true,"href":"https:\/\/divainers.com\/et\/wp-json\/wp\/v2\/product_brand?post=8552"},{"taxonomy":"product_cat","embeddable":true,"href":"https:\/\/divainers.com\/et\/wp-json\/wp\/v2\/product_cat?post=8552"},{"taxonomy":"product_tag","embeddable":true,"href":"https:\/\/divainers.com\/et\/wp-json\/wp\/v2\/product_tag?post=8552"}],"curies":[{"name":"wp","href":"https:\/\/api.w.org\/{rel}","templated":true}]}}