{"id":8640,"date":"2025-01-31T08:33:38","date_gmt":"2025-01-31T07:33:38","guid":{"rendered":"https:\/\/divainers.com\/producto\/divain-659\/"},"modified":"2026-04-30T09:52:17","modified_gmt":"2026-04-30T07:52:17","slug":"divain-659","status":"publish","type":"product","link":"https:\/\/divainers.com\/et\/producto\/divain-659\/","title":{"rendered":"divain.659"},"content":{"rendered":"<p>L\u00f5hn, mis \u00f5hkab sensuaalsust ja m\u00fcstikat, ideaalne naisele, kes soovib v\u00f5luda ainulaadse j\u00e4ljega. Algab puuviljase ja mahlaka seguga, kus ploomi ja vaarika noodid lisavad magusat v\u00e4rskust, mida t\u00e4iendab \u00f5rn lillelisus. S\u00fcda t\u00e4itub eksootiliste lillede, nagu jasmiini, peene akordiga, mis toob esile naiseliku ja \u00fcmbritseva sensuaalsuse. L\u00f5puks loovad sandlipuu ja muskus p\u00f5hitoonid sooja ja maal\u00e4hedase aluse, j\u00e4ttes pehmuse ja s\u00fcgavuse tunde, mis p\u00fcsib.<\/p>\n","protected":false},"excerpt":{"rendered":"<p>Tuletab meelde Forbidden Victoria&#8217;s Secret\u2019ilt<\/p>\n","protected":false},"featured_media":8633,"comment_status":"open","ping_status":"closed","template":"","meta":[],"product_brand":[],"product_cat":[1987],"product_tag":[1432],"class_list":{"0":"post-8640","1":"product","2":"type-product","3":"status-publish","4":"has-post-thumbnail","6":"product_cat-victorias-secret","7":"product_tag-naised","9":"first","10":"instock","11":"shipping-taxable","12":"product-type-simple"},"_links":{"self":[{"href":"https:\/\/divainers.com\/et\/wp-json\/wp\/v2\/product\/8640","targetHints":{"allow":["GET"]}}],"collection":[{"href":"https:\/\/divainers.com\/et\/wp-json\/wp\/v2\/product"}],"about":[{"href":"https:\/\/divainers.com\/et\/wp-json\/wp\/v2\/types\/product"}],"replies":[{"embeddable":true,"href":"https:\/\/divainers.com\/et\/wp-json\/wp\/v2\/comments?post=8640"}],"wp:featuredmedia":[{"embeddable":true,"href":"https:\/\/divainers.com\/et\/wp-json\/wp\/v2\/media\/8633"}],"wp:attachment":[{"href":"https:\/\/divainers.com\/et\/wp-json\/wp\/v2\/media?parent=8640"}],"wp:term":[{"taxonomy":"product_brand","embeddable":true,"href":"https:\/\/divainers.com\/et\/wp-json\/wp\/v2\/product_brand?post=8640"},{"taxonomy":"product_cat","embeddable":true,"href":"https:\/\/divainers.com\/et\/wp-json\/wp\/v2\/product_cat?post=8640"},{"taxonomy":"product_tag","embeddable":true,"href":"https:\/\/divainers.com\/et\/wp-json\/wp\/v2\/product_tag?post=8640"}],"curies":[{"name":"wp","href":"https:\/\/api.w.org\/{rel}","templated":true}]}}