{"id":9040,"date":"2025-01-31T08:32:09","date_gmt":"2025-01-31T07:32:09","guid":{"rendered":"https:\/\/divainers.com\/producto\/divain-112\/"},"modified":"2026-04-01T12:00:31","modified_gmt":"2026-04-01T10:00:31","slug":"divain-112","status":"publish","type":"product","link":"https:\/\/divainers.com\/et\/producto\/divain-112\/","title":{"rendered":"divain.112"},"content":{"rendered":"<p>Un aroma intenso y enigm\u00e1tico que envuelve los sentidos con su car\u00e1cter sofisticado y cautivador. Su apertura de aldeh\u00eddos, salvia y manzanilla aporta una frescura herbal y especiada. En el coraz\u00f3n, el pachul\u00ed, la rosa y el jazm\u00edn crean un bouquet floral profundo y sensual. En el fondo, el musgo de roble, el incienso y el s\u00e1ndalo dejan una estela c\u00e1lida, envolvente y misteriosa, perfecta para la mujer elegante, segura de s\u00ed misma y con una presencia inconfundible que marca cada instante.<\/p>\n","protected":false},"excerpt":{"rendered":"<p>Recuerda a Aromatics Elixir de Clinique<\/p>\n","protected":false},"featured_media":3606,"comment_status":"open","ping_status":"closed","template":"","meta":[],"product_brand":[],"product_cat":[2172],"product_tag":[38],"class_list":{"0":"post-9040","1":"product","2":"type-product","3":"status-publish","4":"has-post-thumbnail","6":"product_cat-clinique","7":"product_tag-mujer","9":"first","10":"instock","11":"shipping-taxable","12":"product-type-simple"},"_links":{"self":[{"href":"https:\/\/divainers.com\/et\/wp-json\/wp\/v2\/product\/9040","targetHints":{"allow":["GET"]}}],"collection":[{"href":"https:\/\/divainers.com\/et\/wp-json\/wp\/v2\/product"}],"about":[{"href":"https:\/\/divainers.com\/et\/wp-json\/wp\/v2\/types\/product"}],"replies":[{"embeddable":true,"href":"https:\/\/divainers.com\/et\/wp-json\/wp\/v2\/comments?post=9040"}],"wp:featuredmedia":[{"embeddable":true,"href":"https:\/\/divainers.com\/et\/wp-json\/wp\/v2\/media\/3606"}],"wp:attachment":[{"href":"https:\/\/divainers.com\/et\/wp-json\/wp\/v2\/media?parent=9040"}],"wp:term":[{"taxonomy":"product_brand","embeddable":true,"href":"https:\/\/divainers.com\/et\/wp-json\/wp\/v2\/product_brand?post=9040"},{"taxonomy":"product_cat","embeddable":true,"href":"https:\/\/divainers.com\/et\/wp-json\/wp\/v2\/product_cat?post=9040"},{"taxonomy":"product_tag","embeddable":true,"href":"https:\/\/divainers.com\/et\/wp-json\/wp\/v2\/product_tag?post=9040"}],"curies":[{"name":"wp","href":"https:\/\/api.w.org\/{rel}","templated":true}]}}