{"id":9168,"date":"2025-01-31T08:33:39","date_gmt":"2025-01-31T07:33:39","guid":{"rendered":"https:\/\/divainers.com\/producto\/divain-100\/"},"modified":"2026-04-30T09:54:37","modified_gmt":"2026-04-30T07:54:37","slug":"divain-100","status":"publish","type":"product","link":"https:\/\/divainers.com\/et\/producto\/divain-100\/","title":{"rendered":"divain.100"},"content":{"rendered":"<p>Puhas ja loomulik l\u00f5hn, mis kutsub esile hommiku v\u00e4rskuse ja looduse \u00f5rnuse. Selle s\u00e4rav algus tsitruste ja roheliste lehtedega annab v\u00e4rskendava ja kerge tunde. S\u00fcdames m\u00e4hkub jasmiini, roosi ja kevadlille lillebukett l\u00f5hna pehme ja elegantse naiselikkusega. P\u00f5hjas loovad muskus ja seedripuu sooja ja \u00fcmbritseva j\u00e4lje, mis sobib ideaalselt romantilisele, rahulikule naisele, kellel on peen v\u00f5lu, mis j\u00e4tab j\u00e4lje.<\/p>\n","protected":false},"excerpt":{"rendered":"<p>Tuletab meelde Agua de Rocio Victorio &#038; Lucchino\u2019lt<\/p>\n","protected":false},"featured_media":9166,"comment_status":"open","ping_status":"closed","template":"","meta":[],"product_brand":[],"product_cat":[2227],"product_tag":[1432],"class_list":{"0":"post-9168","1":"product","2":"type-product","3":"status-publish","4":"has-post-thumbnail","6":"product_cat-victorio-lucchino","7":"product_tag-naised","9":"first","10":"instock","11":"shipping-taxable","12":"product-type-simple"},"_links":{"self":[{"href":"https:\/\/divainers.com\/et\/wp-json\/wp\/v2\/product\/9168","targetHints":{"allow":["GET"]}}],"collection":[{"href":"https:\/\/divainers.com\/et\/wp-json\/wp\/v2\/product"}],"about":[{"href":"https:\/\/divainers.com\/et\/wp-json\/wp\/v2\/types\/product"}],"replies":[{"embeddable":true,"href":"https:\/\/divainers.com\/et\/wp-json\/wp\/v2\/comments?post=9168"}],"wp:featuredmedia":[{"embeddable":true,"href":"https:\/\/divainers.com\/et\/wp-json\/wp\/v2\/media\/9166"}],"wp:attachment":[{"href":"https:\/\/divainers.com\/et\/wp-json\/wp\/v2\/media?parent=9168"}],"wp:term":[{"taxonomy":"product_brand","embeddable":true,"href":"https:\/\/divainers.com\/et\/wp-json\/wp\/v2\/product_brand?post=9168"},{"taxonomy":"product_cat","embeddable":true,"href":"https:\/\/divainers.com\/et\/wp-json\/wp\/v2\/product_cat?post=9168"},{"taxonomy":"product_tag","embeddable":true,"href":"https:\/\/divainers.com\/et\/wp-json\/wp\/v2\/product_tag?post=9168"}],"curies":[{"name":"wp","href":"https:\/\/api.w.org\/{rel}","templated":true}]}}