{"id":9347,"date":"2025-08-29T08:51:38","date_gmt":"2025-08-29T06:51:38","guid":{"rendered":"https:\/\/divainers.com\/producto\/divain-1063\/"},"modified":"2026-04-30T09:54:58","modified_gmt":"2026-04-30T07:54:58","slug":"divain-1063","status":"publish","type":"product","link":"https:\/\/divainers.com\/et\/producto\/divain-1063\/","title":{"rendered":"divain.1063"},"content":{"rendered":"<p>Kannab mahlast ja s\u00e4ravat v\u00e4rskust, \u00f5rna ja elegantse karakteriga, mis \u00e4ratab eluj\u00f5udu ja r\u00f5\u00f5mu. Elav ja sofistikeeritud l\u00f5hn, ideaalne neile, kes otsivad oma stiili s\u00e4rtsakat ja loomulikku puudutust.<\/p>\n","protected":false},"excerpt":{"rendered":"<p>Tuletab meelde Fragaria by Creed<\/p>\n","protected":false},"featured_media":4139,"comment_status":"open","ping_status":"closed","template":"","meta":[],"product_brand":[],"product_cat":[2271],"product_tag":[1432],"class_list":{"0":"post-9347","1":"product","2":"type-product","3":"status-publish","4":"has-post-thumbnail","6":"product_cat-creed","7":"product_tag-naised","9":"first","10":"instock","11":"shipping-taxable","12":"product-type-simple"},"_links":{"self":[{"href":"https:\/\/divainers.com\/et\/wp-json\/wp\/v2\/product\/9347","targetHints":{"allow":["GET"]}}],"collection":[{"href":"https:\/\/divainers.com\/et\/wp-json\/wp\/v2\/product"}],"about":[{"href":"https:\/\/divainers.com\/et\/wp-json\/wp\/v2\/types\/product"}],"replies":[{"embeddable":true,"href":"https:\/\/divainers.com\/et\/wp-json\/wp\/v2\/comments?post=9347"}],"wp:featuredmedia":[{"embeddable":true,"href":"https:\/\/divainers.com\/et\/wp-json\/wp\/v2\/media\/4139"}],"wp:attachment":[{"href":"https:\/\/divainers.com\/et\/wp-json\/wp\/v2\/media?parent=9347"}],"wp:term":[{"taxonomy":"product_brand","embeddable":true,"href":"https:\/\/divainers.com\/et\/wp-json\/wp\/v2\/product_brand?post=9347"},{"taxonomy":"product_cat","embeddable":true,"href":"https:\/\/divainers.com\/et\/wp-json\/wp\/v2\/product_cat?post=9347"},{"taxonomy":"product_tag","embeddable":true,"href":"https:\/\/divainers.com\/et\/wp-json\/wp\/v2\/product_tag?post=9347"}],"curies":[{"name":"wp","href":"https:\/\/api.w.org\/{rel}","templated":true}]}}